{"id":3,"date":"2024-12-17T11:20:28","date_gmt":"2024-12-17T11:20:28","guid":{"rendered":"https:\/\/riberacareinternational.com\/?page_id=3"},"modified":"2025-05-09T08:35:51","modified_gmt":"2025-05-09T08:35:51","slug":"datenschutzrichtlinie","status":"publish","type":"page","link":"https:\/\/riberacareinternational.com\/de\/privacy-policy\/","title":{"rendered":"Datenschutzbestimmungen"},"content":{"rendered":"<div data-elementor-type=\"wp-page\" data-elementor-id=\"3\" class=\"elementor elementor-3\" data-elementor-post-type=\"page\">\n\t\t\t\t<div class=\"elementor-element elementor-element-7174f3a e-flex e-con-boxed e-con e-parent\" data-id=\"7174f3a\" data-element_type=\"container\" data-e-type=\"container\">\n\t\t\t\t\t<div class=\"e-con-inner\">\n\t\t\t\t<div class=\"elementor-element elementor-element-ff52d64 elementor-widget elementor-widget-text-editor\" data-id=\"ff52d64\" data-element_type=\"widget\" data-e-type=\"widget\" data-widget_type=\"text-editor.default\">\n\t\t\t\t<div class=\"elementor-widget-container\">\n\t\t\t\t\t\t\t\t\t<p><strong>PRIVACY POLICY<\/strong><\/p><p>In \u00dcbereinstimmung mit der Allgemeinen Datenschutzverordnung 2016\/679 des Europ\u00e4ischen Parlaments und des Rates (im Folgenden \"GDPR\") und dem spanischen Organgesetz 3\/2018 vom 5. Dezember \u00fcber den Schutz personenbezogener Daten und die Gew\u00e4hrleistung digitaler Rechte informiert die Gruppe Ribera Salud den Nutzer \u00fcber die Art und Weise, in der die personenbezogenen Daten auf der folgenden Website erfasst und verarbeitet werden: <a href=\"https:\/\/www.riberasalud.com\/\">www.riberasalud.com<\/a><\/p><ol><li><strong> Identifizierung des f\u00fcr die Datenverarbeitung Verantwortlichen.<\/strong><\/li><\/ol><p>Der f\u00fcr die Verarbeitung der personenbezogenen Daten des Nutzers Verantwortliche ist Torrevieja Salud, S.L.U. mit der Steuer-ID-Nr. B54404785 und eingetragene Adresse in Avenida de las Cortes Valencianas, Nummer 58, Edificio Sorolla Center, 46015, Valencia, Spanien.<\/p><p>Die Nutzer k\u00f6nnen das Unternehmen unter der folgenden Nummer erreichen: +34 965 725 915 oder \u00fcber die folgende E-Mail-Adresse: info.ciudadquesada@riberacare.com.<\/p><p>Bei Fragen zu dieser Datenschutzpolitik kann sich der Nutzer an den Datenschutzbeauftragten der Gruppe RIBERA SALUD wenden, indem er eine E-Mail an dpo@riberasalud.es schickt.<\/p><p><strong>2.- Verarbeitungszwecke und Rechtsgrundlage.<\/strong><\/p><p>Die folgenden Datenverarbeitungsvorg\u00e4nge werden von dem f\u00fcr die Verarbeitung Verantwortlichen \u00fcber die Website auf der entsprechenden Rechtsgrundlage durchgef\u00fchrt, wobei die Rechte und Freiheiten der Betroffenen gewahrt bleiben:<\/p><ol start=\"2\"><li><a name=\"_Toc164273065\"><\/a><strong> 1 <\/strong><strong>Verwalten Sie Informationen und Kontaktanfragen.<\/strong><\/li><\/ol><ul><li>Zweck: Bearbeitung von Kontaktanfragen \u00fcber die auf der Website zur Verf\u00fcgung gestellten Mittel (E-Mail, Telefon, Kontaktformular usw.), um die Anfragen zu den angebotenen Dienstleistungen bearbeiten zu k\u00f6nnen.<\/li><li>Rechtsgrundlage: Durchf\u00fchrung des vorvertraglichen oder vertraglichen Verh\u00e4ltnisses mit dem Patienten.<\/li><li>Art der verarbeiteten Daten: Identifikations-, Kontakt- und Gesundheitsdaten.\u00a0<\/li><\/ul><ol start=\"2\"><li><strong> 2 Management der Patientenversorgung<\/strong><\/li><\/ol><ul><li>Zweck: Erbringung von Gesundheitsdienstleistungen, Diagnosen und angeforderte medizinische Behandlungen.<\/li><li>Rechtsgrundlage: Durchf\u00fchrung des vorvertraglichen oder vertraglichen Verh\u00e4ltnisses mit dem Patienten.<\/li><li>Art der verarbeiteten Daten: Identifikations-, Kontakt-, Gesundheits- und Finanzdaten. Die Erhebung personenbezogener Daten kann \u00fcber die Website, das Telefon, die Gesundheitszentren der Gruppe Ribera, in denen Sie behandelt werden, oder gegebenenfalls durch Versicherungsgesellschaften und Unfallversicherungen auf Gegenseitigkeit erfolgen.<\/li><\/ul><p><strong>\u00a0<\/strong><\/p><p><strong>2.3 Verwaltung und Bearbeitung von Terminanfragen von Patienten.<\/strong><\/p><ul><li>Zweck: Verwaltung der \u00fcber die auf der Website angegebenen Kan\u00e4le angeforderten medizinischen Termine.<\/li><li>Rechtsgrundlage: Durchf\u00fchrung des vorvertraglichen oder vertraglichen Verh\u00e4ltnisses mit dem Patienten.<\/li><li>Art der verarbeiteten Daten: Identifikations-, Kontakt-, Personen- und Gesundheitsdaten.<\/li><\/ul><p><strong>2.3 Finanzielle Beratung.<\/strong><\/p><ul><li>Zweck: Erbringung der auf der Website beschriebenen Finanzberatungsdienste f\u00fcr die Bezahlung der vom Patienten gew\u00fcnschten medizinischen Behandlungen oder anderen Dienstleistungen.<\/li><li>Rechtsgrundlage: Durchf\u00fchrung des vorvertraglichen oder vertraglichen Verh\u00e4ltnisses mit dem Nutzer.<\/li><li>Art der verarbeiteten Daten: Identifikationsdaten, Kontaktdaten, Transaktionen von Waren und Dienstleistungen, Finanzdaten und Gesundheitsdaten.<\/li><\/ul><p><strong>2.4 die Unterst\u00fctzung bei Transfers, Unterbringung oder Sprachdiensten zu organisieren.<\/strong><\/p><ul><li>Zweck: Die Erbringung von Transfer-, Unterbringungs- und\/oder Sprachdienstleistungen, die \u00fcber die Website ver\u00f6ffentlicht und angefordert werden.<\/li><li>Rechtsgrundlage: Durchf\u00fchrung des vorvertraglichen oder vertraglichen Verh\u00e4ltnisses mit dem Patienten.<\/li><li>Art der verarbeiteten Daten: Identifikationsdaten, Kontaktdaten, Transaktionen von Waren und Dienstleistungen, Finanzdaten und Gesundheitsdaten.<\/li><\/ul><p><strong>2.5 \u00a0<\/strong><strong>Verwalten Sie das Abonnement der Benutzer f\u00fcr den Newsletter.<\/strong><\/p><p>Die Datenverarbeitung erfolgt durch die Gesellschaft RIBERA SALUD, S.A.U., mit der Steueridentifikationsnummer A-03681186 und Sitz in Avenida Cortes Valencianas, Nummer 58, Edificio Sorolla Center, 46015, Valencia, Spanien.<\/p><ul><li>Zweck: Verwaltung der Benutzerabonnements f\u00fcr den Newsletter durch Versendung elektronischer kommerzieller Mitteilungen \u00fcber die Dienste.<\/li><li>Rechtsgrundlage: Zustimmung der Betroffenen.<\/li><li>Art der verarbeiteten Daten: Identifikations- und Kontaktdaten.<\/li><\/ul><p><strong>\u00a0<\/strong><\/p><p><strong>3. die Empf\u00e4nger.<\/strong><\/p><p><strong>3.1. \u00dcbermittlung von Daten an Dritte.<\/strong>\u00a0<\/p><p>Ihre Daten k\u00f6nnen unter den folgenden Voraussetzungen \u00fcbermittelt werden:<\/p><ul><li>Die Zentren der Ribera-Gruppe (https:\/\/www.riberasalud.com\/sociedades-del-grupo-ribera\/ ) k\u00f6nnen auf die Patientendaten zugreifen, um eine angemessene Kontinuit\u00e4t der Versorgung und der Erbringung der oben genannten Dienstleistungen zu gew\u00e4hrleisten.<\/li><li>In \u00dcbereinstimmung mit den geltenden Rechtsvorschriften k\u00f6nnen Ihre Daten an die Gesundheitsbeh\u00f6rden und andere zust\u00e4ndige \u00f6ffentliche Einrichtungen weitergegeben werden.<\/li><li>Im Falle von Patienten, die private Krankenversicherungen nutzen, werden ihre Daten an die Versicherungsgesellschaft f\u00fcr die Bezahlung der Leistungen \u00fcbermittelt. Auf Ersuchen der Steuerbeh\u00f6rde, der Gerichte oder anderer zust\u00e4ndiger \u00f6ffentlicher Verwaltungen.<\/li><\/ul><p><strong>3.2. Datenverarbeiter<\/strong>\u00a0<\/p><p>Die Verarbeitung der Patientendaten kann von geeigneten Dienstleistern durchgef\u00fchrt werden, die beauftragt werden. Diese Dienstleister werden die Daten nur f\u00fcr die vom f\u00fcr die Verarbeitung Verantwortlichen festgelegten Zwecke verarbeiten.<\/p><ol start=\"4\"><li><strong> Internationale Daten\u00fcbertragungen<\/strong><\/li><\/ol><p>Der f\u00fcr die Verarbeitung Verantwortliche wird die Behandlung der Patientendaten ausschlie\u00dflich auf dem Gebiet der Europ\u00e4ischen Union durchf\u00fchren, weshalb er keine internationale Daten\u00fcbermittlung vorsieht.<\/p><p><strong>5.- Aufbewahrungsfristen.<\/strong><\/p><p>RIBERA SALUD bewahrt die personenbezogenen Daten des Nutzers so lange auf, wie es erforderlich ist, um die Daten f\u00fcr die Zwecke, f\u00fcr die sie erhoben wurden, zu verarbeiten, es sei denn, der Nutzer widerspricht der Verarbeitung oder zieht seine Zustimmung zur\u00fcck, je nach Rechtsgrundlage. In jedem Fall werden die personenbezogenen Daten so lange aufbewahrt, wie dies gesetzlich vorgeschrieben ist, um den gesetzlichen Verpflichtungen nachzukommen.<\/p><p>In Bezug auf die Behandlung im Zusammenhang mit der Versendung von elektronischen Werbemitteilungen werden die Daten der Nutzer, die dem Empfang zugestimmt haben, so lange gespeichert, bis der Nutzer den Widerruf des Empfangs beantragt, indem er die Anweisungen befolgt, die er am Ende jeder E-Mail findet.<\/p><p><strong>6.- Benutzerrechte.<\/strong><\/p><p>Der Nutzer hat das Recht auf Zugang, Berichtigung, L\u00f6schung, Widerspruch, Einschr\u00e4nkung und Daten\u00fcbertragbarkeit; der Nutzer kann diese Rechte aus\u00fcben, indem er einen unterschriebenen Antrag zusammen mit einer Fotokopie seines Ausweises direkt an den Datenschutzbeauftragten der Gruppe RIBERA SALUD schickt, oder indem er eine E-Mail an die folgende Adresse sendet: dpo@riberasalud.es, oder einen Brief an die folgende Postadresse: Cortes Valencianas, Nummer 58, Edificio Sorolla Center, 46015, Valencia (Spanien), mit der Betreffzeile: \"Datenschutz\"<\/p><p>Dar\u00fcber hinaus werden die Nutzer dar\u00fcber informiert, dass sie bei Nichtbeantwortung ihrer Anfragen zur Aus\u00fcbung ihrer Rechte eine Beschwerde bei der spanischen Datenschutzbeh\u00f6rde (AEPD) einreichen k\u00f6nnen. Weitere Informationen finden Sie unter: <a href=\"http:\/\/www.aepd.es\/\">www.aepd.es<\/a>.<\/p><ol start=\"7\"><li><strong> \u00c4nderungen.<\/strong><\/li><\/ol><p>Die Organisation beh\u00e4lt sich das Recht vor, den Inhalt dieser Website jederzeit zu \u00e4ndern und neue Funktionalit\u00e4ten hinzuzuf\u00fcgen sowie die aktuellen Bedingungen zu \u00e4ndern. In diesem Fall wird die entsprechende Aktualisierung auf der Website ver\u00f6ffentlicht, so dass der Nutzer \u00fcber etwaige \u00c4nderungen informiert ist.<\/p><p>Zuletzt aktualisiert am: Februar 2025<\/p>\t\t\t\t\t\t\t\t<\/div>\n\t\t\t\t<\/div>\n\t\t\t\t\t<\/div>\n\t\t\t\t<\/div>\n\t\t\t\t<\/div>","protected":false},"excerpt":{"rendered":"<p>PRIVACY POLICY In compliance with the General Data Protection Regulation 2016\/679 of the European Parliament and of the Council (hereinafter, \u201cGDPR\u201d) and Spanish Organic Law 3\/2018, of 5 December, on the Protection of Personal Data and guarantee of digital rights, Ribera Salud Group hereby informs the user on how the personal data will be gathered [&hellip;]<\/p>\n","protected":false},"author":3,"featured_media":0,"parent":0,"menu_order":0,"comment_status":"closed","ping_status":"open","template":"","meta":{"_acf_changed":false,"footnotes":""},"class_list":["post-3","page","type-page","status-publish","hentry"],"acf":[],"yoast_head":"<!-- This site is optimized with the Yoast SEO Premium plugin v25.1 (Yoast SEO v27.3) - https:\/\/yoast.com\/product\/yoast-seo-premium-wordpress\/ -->\n<title>Privacy Policy - Ribera International<\/title>\n<meta name=\"robots\" content=\"index, follow, max-snippet:-1, max-image-preview:large, max-video-preview:-1\" \/>\n<link rel=\"canonical\" href=\"https:\/\/riberacareinternational.com\/de\/datenschutzrichtlinie\/\" \/>\n<meta property=\"og:locale\" content=\"de_DE\" \/>\n<meta property=\"og:type\" content=\"article\" \/>\n<meta property=\"og:title\" content=\"Privacy Policy\" \/>\n<meta property=\"og:description\" content=\"PRIVACY POLICY In compliance with the General Data Protection Regulation 2016\/679 of the European Parliament and of the Council (hereinafter, \u201cGDPR\u201d) and Spanish Organic Law 3\/2018, of 5 December, on the Protection of Personal Data and guarantee of digital rights, Ribera Salud Group hereby informs the user on how the personal data will be gathered [&hellip;]\" \/>\n<meta property=\"og:url\" content=\"https:\/\/riberacareinternational.com\/de\/datenschutzrichtlinie\/\" \/>\n<meta property=\"og:site_name\" content=\"Ribera International\" \/>\n<meta property=\"article:modified_time\" content=\"2025-05-09T08:35:51+00:00\" \/>\n<meta property=\"og:image\" content=\"https:\/\/riberacareinternational.com\/wp-content\/uploads\/2025\/01\/hospital-ribera-cavadonga.jpg\" \/>\n\t<meta property=\"og:image:width\" content=\"340\" \/>\n\t<meta property=\"og:image:height\" content=\"214\" \/>\n\t<meta property=\"og:image:type\" content=\"image\/jpeg\" \/>\n<meta name=\"twitter:card\" content=\"summary_large_image\" \/>\n<meta name=\"twitter:label1\" content=\"Gesch\u00e4tzte Lesezeit\" \/>\n\t<meta name=\"twitter:data1\" content=\"5\u00a0Minuten\" \/>\n<script type=\"application\/ld+json\" class=\"yoast-schema-graph\">{\"@context\":\"https:\\\/\\\/schema.org\",\"@graph\":[{\"@type\":\"WebPage\",\"@id\":\"https:\\\/\\\/riberacareinternational.com\\\/privacy-policy\\\/\",\"url\":\"https:\\\/\\\/riberacareinternational.com\\\/privacy-policy\\\/\",\"name\":\"Privacy Policy - Ribera International\",\"isPartOf\":{\"@id\":\"https:\\\/\\\/riberacareinternational.com\\\/#website\"},\"datePublished\":\"2024-12-17T11:20:28+00:00\",\"dateModified\":\"2025-05-09T08:35:51+00:00\",\"breadcrumb\":{\"@id\":\"https:\\\/\\\/riberacareinternational.com\\\/privacy-policy\\\/#breadcrumb\"},\"inLanguage\":\"de\",\"potentialAction\":[{\"@type\":\"ReadAction\",\"target\":[\"https:\\\/\\\/riberacareinternational.com\\\/privacy-policy\\\/\"]}]},{\"@type\":\"BreadcrumbList\",\"@id\":\"https:\\\/\\\/riberacareinternational.com\\\/privacy-policy\\\/#breadcrumb\",\"itemListElement\":[{\"@type\":\"ListItem\",\"position\":1,\"name\":\"Portada\",\"item\":\"https:\\\/\\\/riberacareinternational.com\\\/\"},{\"@type\":\"ListItem\",\"position\":2,\"name\":\"Privacy Policy\"}]},{\"@type\":\"WebSite\",\"@id\":\"https:\\\/\\\/riberacareinternational.com\\\/#website\",\"url\":\"https:\\\/\\\/riberacareinternational.com\\\/\",\"name\":\"Ribera Health International Hospitals\",\"description\":\"Ribera Health Group is a leading healthcare provider in Spain, renowned for its excellence in patient care and advanced medical treatments.\",\"publisher\":{\"@id\":\"https:\\\/\\\/riberacareinternational.com\\\/#organization\"},\"potentialAction\":[{\"@type\":\"SearchAction\",\"target\":{\"@type\":\"EntryPoint\",\"urlTemplate\":\"https:\\\/\\\/riberacareinternational.com\\\/?s={search_term_string}\"},\"query-input\":{\"@type\":\"PropertyValueSpecification\",\"valueRequired\":true,\"valueName\":\"search_term_string\"}}],\"inLanguage\":\"de\"},{\"@type\":[\"Organization\",\"Place\",\"MedicalOrganization\"],\"@id\":\"https:\\\/\\\/riberacareinternational.com\\\/#organization\",\"name\":\"Ribera Health International Hospitals\",\"url\":\"https:\\\/\\\/riberacareinternational.com\\\/\",\"logo\":{\"@id\":\"https:\\\/\\\/riberacareinternational.com\\\/privacy-policy\\\/#local-main-organization-logo\"},\"image\":{\"@id\":\"https:\\\/\\\/riberacareinternational.com\\\/privacy-policy\\\/#local-main-organization-logo\"},\"telephone\":[],\"openingHoursSpecification\":[{\"@type\":\"OpeningHoursSpecification\",\"dayOfWeek\":[\"Monday\",\"Tuesday\",\"Wednesday\",\"Thursday\",\"Friday\",\"Saturday\",\"Sunday\"],\"opens\":\"09:00\",\"closes\":\"17:00\"}]},{\"@type\":\"ImageObject\",\"inLanguage\":\"de\",\"@id\":\"https:\\\/\\\/riberacareinternational.com\\\/privacy-policy\\\/#local-main-organization-logo\",\"url\":\"https:\\\/\\\/riberacareinternational.com\\\/wp-content\\\/uploads\\\/2024\\\/12\\\/Logotipo-Red-qgbhgk-1-1.png\",\"contentUrl\":\"https:\\\/\\\/riberacareinternational.com\\\/wp-content\\\/uploads\\\/2024\\\/12\\\/Logotipo-Red-qgbhgk-1-1.png\",\"width\":228,\"height\":90,\"caption\":\"Ribera Health International Hospitals\"}]}<\/script>\n<!-- \/ Yoast SEO Premium plugin. -->","yoast_head_json":{"title":"Datenschutzrichtlinie - Ribera International","robots":{"index":"index","follow":"follow","max-snippet":"max-snippet:-1","max-image-preview":"max-image-preview:large","max-video-preview":"max-video-preview:-1"},"canonical":"https:\/\/riberacareinternational.com\/de\/datenschutzrichtlinie\/","og_locale":"de_DE","og_type":"article","og_title":"Privacy Policy","og_description":"PRIVACY POLICY In compliance with the General Data Protection Regulation 2016\/679 of the European Parliament and of the Council (hereinafter, \u201cGDPR\u201d) and Spanish Organic Law 3\/2018, of 5 December, on the Protection of Personal Data and guarantee of digital rights, Ribera Salud Group hereby informs the user on how the personal data will be gathered [&hellip;]","og_url":"https:\/\/riberacareinternational.com\/de\/datenschutzrichtlinie\/","og_site_name":"Ribera International","article_modified_time":"2025-05-09T08:35:51+00:00","og_image":[{"width":340,"height":214,"url":"https:\/\/riberacareinternational.com\/wp-content\/uploads\/2025\/01\/hospital-ribera-cavadonga.jpg","type":"image\/jpeg"}],"twitter_card":"summary_large_image","twitter_misc":{"Gesch\u00e4tzte Lesezeit":"5\u00a0Minuten"},"schema":{"@context":"https:\/\/schema.org","@graph":[{"@type":"WebPage","@id":"https:\/\/riberacareinternational.com\/privacy-policy\/","url":"https:\/\/riberacareinternational.com\/privacy-policy\/","name":"Datenschutzrichtlinie - Ribera International","isPartOf":{"@id":"https:\/\/riberacareinternational.com\/#website"},"datePublished":"2024-12-17T11:20:28+00:00","dateModified":"2025-05-09T08:35:51+00:00","breadcrumb":{"@id":"https:\/\/riberacareinternational.com\/privacy-policy\/#breadcrumb"},"inLanguage":"de","potentialAction":[{"@type":"ReadAction","target":["https:\/\/riberacareinternational.com\/privacy-policy\/"]}]},{"@type":"BreadcrumbList","@id":"https:\/\/riberacareinternational.com\/privacy-policy\/#breadcrumb","itemListElement":[{"@type":"ListItem","position":1,"name":"Portada","item":"https:\/\/riberacareinternational.com\/"},{"@type":"ListItem","position":2,"name":"Privacy Policy"}]},{"@type":"WebSite","@id":"https:\/\/riberacareinternational.com\/#website","url":"https:\/\/riberacareinternational.com\/","name":"Ribera Health Internationale Krankenh\u00e4user","description":"Die Ribera Health Group ist ein f\u00fchrender Gesundheitsdienstleister in Spanien, der f\u00fcr seine hervorragende Patientenversorgung und fortschrittlichen medizinischen Behandlungen bekannt ist.","publisher":{"@id":"https:\/\/riberacareinternational.com\/#organization"},"potentialAction":[{"@type":"SearchAction","target":{"@type":"EntryPoint","urlTemplate":"https:\/\/riberacareinternational.com\/?s={search_term_string}"},"query-input":{"@type":"PropertyValueSpecification","valueRequired":true,"valueName":"search_term_string"}}],"inLanguage":"de"},{"@type":["Organization","Place","MedicalOrganization"],"@id":"https:\/\/riberacareinternational.com\/#organization","name":"Ribera Health Internationale Krankenh\u00e4user","url":"https:\/\/riberacareinternational.com\/","logo":{"@id":"https:\/\/riberacareinternational.com\/privacy-policy\/#local-main-organization-logo"},"image":{"@id":"https:\/\/riberacareinternational.com\/privacy-policy\/#local-main-organization-logo"},"telephone":[],"openingHoursSpecification":[{"@type":"OpeningHoursSpecification","dayOfWeek":["Monday","Tuesday","Wednesday","Thursday","Friday","Saturday","Sunday"],"opens":"09:00","closes":"17:00"}]},{"@type":"ImageObject","inLanguage":"de","@id":"https:\/\/riberacareinternational.com\/privacy-policy\/#local-main-organization-logo","url":"https:\/\/riberacareinternational.com\/wp-content\/uploads\/2024\/12\/Logotipo-Red-qgbhgk-1-1.png","contentUrl":"https:\/\/riberacareinternational.com\/wp-content\/uploads\/2024\/12\/Logotipo-Red-qgbhgk-1-1.png","width":228,"height":90,"caption":"Ribera Health International Hospitals"}]}},"_links":{"self":[{"href":"https:\/\/riberacareinternational.com\/de\/wp-json\/wp\/v2\/pages\/3","targetHints":{"allow":["GET"]}}],"collection":[{"href":"https:\/\/riberacareinternational.com\/de\/wp-json\/wp\/v2\/pages"}],"about":[{"href":"https:\/\/riberacareinternational.com\/de\/wp-json\/wp\/v2\/types\/page"}],"author":[{"embeddable":true,"href":"https:\/\/riberacareinternational.com\/de\/wp-json\/wp\/v2\/users\/3"}],"replies":[{"embeddable":true,"href":"https:\/\/riberacareinternational.com\/de\/wp-json\/wp\/v2\/comments?post=3"}],"version-history":[{"count":16,"href":"https:\/\/riberacareinternational.com\/de\/wp-json\/wp\/v2\/pages\/3\/revisions"}],"predecessor-version":[{"id":2782,"href":"https:\/\/riberacareinternational.com\/de\/wp-json\/wp\/v2\/pages\/3\/revisions\/2782"}],"wp:attachment":[{"href":"https:\/\/riberacareinternational.com\/de\/wp-json\/wp\/v2\/media?parent=3"}],"curies":[{"name":"wp","href":"https:\/\/api.w.org\/{rel}","templated":true}]}}