{"id":3,"date":"2024-12-17T11:20:28","date_gmt":"2024-12-17T11:20:28","guid":{"rendered":"https:\/\/riberacareinternational.com\/?page_id=3"},"modified":"2025-05-09T08:35:51","modified_gmt":"2025-05-09T08:35:51","slug":"politica-de-privacidad","status":"publish","type":"page","link":"https:\/\/riberacareinternational.com\/es\/privacy-policy\/","title":{"rendered":"Pol\u00edtica de privacidad"},"content":{"rendered":"<div data-elementor-type=\"wp-page\" data-elementor-id=\"3\" class=\"elementor elementor-3\" data-elementor-post-type=\"page\">\n\t\t\t\t<div class=\"elementor-element elementor-element-7174f3a e-flex e-con-boxed e-con e-parent\" data-id=\"7174f3a\" data-element_type=\"container\" data-e-type=\"container\">\n\t\t\t\t\t<div class=\"e-con-inner\">\n\t\t\t\t<div class=\"elementor-element elementor-element-ff52d64 elementor-widget elementor-widget-text-editor\" data-id=\"ff52d64\" data-element_type=\"widget\" data-e-type=\"widget\" data-widget_type=\"text-editor.default\">\n\t\t\t\t<div class=\"elementor-widget-container\">\n\t\t\t\t\t\t\t\t\t<p><strong>POL\u00cdTICA DE PRIVACIDAD<\/strong><\/p><p>En cumplimiento del Reglamento General de Protecci\u00f3n de Datos 2016\/679 del Parlamento Europeo y del Consejo (en adelante, \"GDPR\") y de la Ley Org\u00e1nica 3\/2018, de 5 de diciembre, de Protecci\u00f3n de Datos de Car\u00e1cter Personal y garant\u00eda de los derechos digitales, Ribera Salud Group informa al usuario sobre c\u00f3mo se van a recoger y tratar sus datos de car\u00e1cter personal en el siguiente sitio web: <a href=\"https:\/\/www.riberasalud.com\/\">www.riberasalud.com<\/a><\/p><ol><li><strong> Identificaci\u00f3n del responsable del tratamiento.<\/strong><\/li><\/ol><p>El Responsable del Tratamiento de los datos personales del usuario es Torrevieja Salud, S.L.U. con CIF n\u00fam. B54404785 y domicilio social en Avenida de las Cortes Valencianas, n\u00famero 58, Edificio Sorolla Center, 46015, Valencia, Espa\u00f1a.<\/p><p>Los usuarios pueden ponerse en contacto con la empresa llamando al n\u00famero siguiente: +34 965 725 915, o en la siguiente direcci\u00f3n de correo electr\u00f3nico: info.ciudadquesada@riberacare.com.<\/p><p>Para cuestiones relativas a esta Pol\u00edtica de Privacidad, el usuario puede ponerse en contacto con el Delegado de Protecci\u00f3n de Datos del Grupo RIBERA SALUD enviando un correo electr\u00f3nico a: dpo@riberasalud.es.<\/p><p><strong>2.- Fines del tratamiento y fundamento jur\u00eddico.<\/strong><\/p><p>Las siguientes operaciones de tratamiento de datos ser\u00e1n realizadas por el responsable del tratamiento a trav\u00e9s del Sitio Web, con la base legal adecuada, respetando los derechos y libertades de los interesados:<\/p><ol start=\"2\"><li><a name=\"_Toc164273065\"><\/a><strong> 1 <\/strong><strong>Gestionar las solicitudes de informaci\u00f3n y contacto.<\/strong><\/li><\/ol><ul><li>Finalidad: atender las solicitudes de contacto a trav\u00e9s de los medios puestos a disposici\u00f3n en el sitio web (correo electr\u00f3nico, tel\u00e9fono, formulario de contacto, etc.), con el fin de poder atender las peticiones de los servicios ofrecidos.<\/li><li>Base jur\u00eddica: Ejecuci\u00f3n de la relaci\u00f3n precontractual o contractual con el paciente.<\/li><li>Tipos de datos tratados: datos de identificaci\u00f3n, contacto y salud.\u00a0<\/li><\/ul><ol start=\"2\"><li><strong> 2 Gesti\u00f3n de la atenci\u00f3n al paciente<\/strong><\/li><\/ol><ul><li>Finalidad: La prestaci\u00f3n de los servicios sanitarios, diagn\u00f3sticos y tratamientos m\u00e9dicos solicitados.<\/li><li>Base jur\u00eddica: Ejecuci\u00f3n de la relaci\u00f3n precontractual o contractual con el paciente.<\/li><li>Tipos de datos tratados: datos identificativos, de contacto, sanitarios y financieros. La recogida de datos de car\u00e1cter personal podr\u00e1 realizarse a trav\u00e9s de la p\u00e1gina web, del tel\u00e9fono, de los centros sanitarios del Grupo Ribera en los que ser\u00e1 atendido () o podr\u00e1n ser facilitados, en su caso, por compa\u00f1\u00edas de seguros, mutuas de accidentes.<\/li><\/ul><p><strong>\u00a0<\/strong><\/p><p><strong>2.3 Gesti\u00f3n y tramitaci\u00f3n de las solicitudes de cita de los pacientes.<\/strong><\/p><ul><li>Finalidad: Gestionar las citas m\u00e9dicas solicitadas a trav\u00e9s de los canales indicados en el Sitio Web.<\/li><li>Base jur\u00eddica: Ejecuci\u00f3n de la relaci\u00f3n precontractual o contractual con el paciente.<\/li><li>Tipos de datos tratados: datos de identificaci\u00f3n, de contacto, personales y de salud.<\/li><\/ul><p><strong>2.3 Orientaci\u00f3n financiera.<\/strong><\/p><ul><li>Finalidad: Prestar los servicios de asesoramiento financiero detallados en la web para el pago de los tratamientos m\u00e9dicos u otros servicios solicitados por el paciente.<\/li><li>Base jur\u00eddica: Ejecuci\u00f3n de la relaci\u00f3n precontractual o contractual con el usuario.<\/li><li>Tipos de datos tratados: datos de identificaci\u00f3n, datos de contacto, transacciones de bienes y servicios, datos financieros y datos sanitarios.<\/li><\/ul><p><strong>2.4 Gestionar la asistencia de traslados, alojamiento o servicios ling\u00fc\u00edsticos.<\/strong><\/p><ul><li>Finalidad: La prestaci\u00f3n de servicios de traslado, alojamiento y\/o ling\u00fc\u00edsticos publicados y solicitados a trav\u00e9s del Sitio Web.<\/li><li>Base jur\u00eddica: Ejecuci\u00f3n de la relaci\u00f3n precontractual o contractual con el paciente.<\/li><li>Tipos de datos tratados: datos de identificaci\u00f3n, datos de contacto, transacciones de bienes y servicios, datos financieros y datos sanitarios.<\/li><\/ul><p><strong>2.5 \u00a0<\/strong><strong>Gestionar la suscripci\u00f3n de los usuarios al bolet\u00edn.<\/strong><\/p><p>Este tratamiento de datos ser\u00e1 realizado por la entidad RIBERA SALUD, S.A.U, con CIF A-03681186 y domicilio social en Avenida Cortes Valencianas, n\u00famero 58, Edificio Sorolla Center, 46015, Valencia, Espa\u00f1a.<\/p><ul><li>Finalidad: gestionar las suscripciones de los usuarios al bolet\u00edn de noticias mediante el env\u00edo de comunicaciones comerciales electr\u00f3nicas sobre los servicios.<\/li><li>Base jur\u00eddica: consentimiento de los interesados.<\/li><li>Tipos de datos tratados: datos de identificaci\u00f3n y de contacto.<\/li><\/ul><p><strong>\u00a0<\/strong><\/p><p><strong>3.- Destinatarios.<\/strong><\/p><p><strong>3.1. Comunicaci\u00f3n de datos a terceros.<\/strong>\u00a0<\/p><p>Sus datos podr\u00e1n ser transferidos de acuerdo con los siguientes supuestos:<\/p><ul><li>Los datos de los pacientes podr\u00e1n ser consultados por los centros del grupo Ribera (https:\/\/www.riberasalud.com\/sociedades-del-grupo-ribera\/ ) con el fin de garantizar la adecuada continuidad asistencial y prestaci\u00f3n de los servicios mencionados.<\/li><li>De conformidad con lo dispuesto en la legislaci\u00f3n vigente, sus datos podr\u00e1n ser comunicados a las autoridades sanitarias y otros organismos p\u00fablicos con competencia en la materia.<\/li><li>En el caso de Pacientes que utilicen compa\u00f1\u00edas privadas de seguros m\u00e9dicos, sus datos ser\u00e1n comunicados a la compa\u00f1\u00eda aseguradora para el pago de los servicios. A requerimiento de la Agencia Tributaria, Juzgados o Tribunales u otras Administraciones P\u00fablicas competentes.<\/li><\/ul><p><strong>3.2. Procesadores de datos<\/strong>\u00a0<\/p><p>El tratamiento de los datos de los pacientes podr\u00e1 ser realizado por proveedores de servicios adecuados contratados. Dichos proveedores de servicios \u00fanicamente tratar\u00e1n los datos para los fines definidos por el Responsable del Tratamiento.<\/p><ol start=\"4\"><li><strong> Transferencias internacionales de datos<\/strong><\/li><\/ol><p>El responsable del tratamiento llevar\u00e1 a cabo el tratamiento de los datos del paciente \u00edntegramente en el territorio de la Uni\u00f3n Europea, por lo que no prev\u00e9 ninguna transferencia internacional de datos.<\/p><p><strong>5.- Periodos de almacenamiento.<\/strong><\/p><p>RIBERA SALUD conservar\u00e1 los datos personales del usuario durante el tiempo necesario para poder tratar los datos con las finalidades para las que fueron recabados, salvo que el usuario se oponga al tratamiento o retire su consentimiento, en funci\u00f3n de la base legal. En cualquier caso, los datos personales se conservar\u00e1n durante los periodos de tiempo exigidos por la ley para cumplir con las obligaciones legales.<\/p><p>Asimismo, respecto al tratamiento relacionado con el env\u00edo de comunicaciones comerciales electr\u00f3nicas, los datos de los usuarios que hayan consentido su recepci\u00f3n ser\u00e1n conservados hasta que el usuario solicite la cancelaci\u00f3n de dicha recepci\u00f3n, siguiendo las instrucciones que encontrar\u00e1 al pie de cada correo electr\u00f3nico.<\/p><p><strong>6.- Derechos de los usuarios.<\/strong><\/p><p>El usuario tiene derecho de acceso, rectificaci\u00f3n, supresi\u00f3n, oposici\u00f3n, limitaci\u00f3n y portabilidad de los datos; los usuarios pueden ejercitar estos derechos enviando una petici\u00f3n firmada, junto con una fotocopia de su DNI, directamente al Delegado de Protecci\u00f3n de Datos del Grupo RIBERA SALUD, o enviando un correo electr\u00f3nico a la siguiente direcci\u00f3n: dpo@riberasalud.es, o una carta a la siguiente direcci\u00f3n postal: Cortes Valencianas, n\u00famero 58, Edificio Sorolla Center, 46015, Valencia (Espa\u00f1a), con el asunto: \"Protecci\u00f3n de Datos\"<\/p><p>Asimismo, se informa a los usuarios de que, en caso de no ser atendidas sus solicitudes para el ejercicio de sus derechos, podr\u00e1n presentar una reclamaci\u00f3n ante la Agencia Espa\u00f1ola de Protecci\u00f3n de Datos (AEPD). M\u00e1s informaci\u00f3n disponible en: <a href=\"http:\/\/www.aepd.es\/\">www.aepd.es<\/a>.<\/p><ol start=\"7\"><li><strong> Cambios.<\/strong><\/li><\/ol><p>La organizaci\u00f3n se reserva el derecho a modificar en cualquier momento los contenidos de este Sitio Web, pudiendo a\u00f1adir nuevas funcionalidades, as\u00ed como modificar las condiciones vigentes. En tal caso, se publicar\u00e1 en el Sitio Web la correspondiente actualizaci\u00f3n para que el usuario tenga conocimiento de los cambios.<\/p><p>\u00daltima actualizaci\u00f3n Febrero de 2025<\/p>\t\t\t\t\t\t\t\t<\/div>\n\t\t\t\t<\/div>\n\t\t\t\t\t<\/div>\n\t\t\t\t<\/div>\n\t\t\t\t<\/div>","protected":false},"excerpt":{"rendered":"<p>PRIVACY POLICY In compliance with the General Data Protection Regulation 2016\/679 of the European Parliament and of the Council (hereinafter, \u201cGDPR\u201d) and Spanish Organic Law 3\/2018, of 5 December, on the Protection of Personal Data and guarantee of digital rights, Ribera Salud Group hereby informs the user on how the personal data will be gathered [&hellip;]<\/p>\n","protected":false},"author":3,"featured_media":0,"parent":0,"menu_order":0,"comment_status":"closed","ping_status":"open","template":"","meta":{"_acf_changed":false,"footnotes":""},"class_list":["post-3","page","type-page","status-publish","hentry"],"acf":[],"yoast_head":"<!-- This site is optimized with the Yoast SEO Premium plugin v25.1 (Yoast SEO v27.3) - https:\/\/yoast.com\/product\/yoast-seo-premium-wordpress\/ -->\n<title>Privacy Policy - Ribera International<\/title>\n<meta name=\"robots\" content=\"index, follow, max-snippet:-1, max-image-preview:large, max-video-preview:-1\" \/>\n<link rel=\"canonical\" href=\"https:\/\/riberacareinternational.com\/es\/politica-de-privacidad\/\" \/>\n<meta property=\"og:locale\" content=\"es_ES\" \/>\n<meta property=\"og:type\" content=\"article\" \/>\n<meta property=\"og:title\" content=\"Privacy Policy\" \/>\n<meta property=\"og:description\" content=\"PRIVACY POLICY In compliance with the General Data Protection Regulation 2016\/679 of the European Parliament and of the Council (hereinafter, \u201cGDPR\u201d) and Spanish Organic Law 3\/2018, of 5 December, on the Protection of Personal Data and guarantee of digital rights, Ribera Salud Group hereby informs the user on how the personal data will be gathered [&hellip;]\" \/>\n<meta property=\"og:url\" content=\"https:\/\/riberacareinternational.com\/es\/politica-de-privacidad\/\" \/>\n<meta property=\"og:site_name\" content=\"Ribera International\" \/>\n<meta property=\"article:modified_time\" content=\"2025-05-09T08:35:51+00:00\" \/>\n<meta property=\"og:image\" content=\"https:\/\/riberacareinternational.com\/wp-content\/uploads\/2025\/01\/hospital-ribera-cavadonga.jpg\" \/>\n\t<meta property=\"og:image:width\" content=\"340\" \/>\n\t<meta property=\"og:image:height\" content=\"214\" \/>\n\t<meta property=\"og:image:type\" content=\"image\/jpeg\" \/>\n<meta name=\"twitter:card\" content=\"summary_large_image\" \/>\n<meta name=\"twitter:label1\" content=\"Tiempo de lectura\" \/>\n\t<meta name=\"twitter:data1\" content=\"5 minutos\" \/>\n<script type=\"application\/ld+json\" class=\"yoast-schema-graph\">{\"@context\":\"https:\\\/\\\/schema.org\",\"@graph\":[{\"@type\":\"WebPage\",\"@id\":\"https:\\\/\\\/riberacareinternational.com\\\/privacy-policy\\\/\",\"url\":\"https:\\\/\\\/riberacareinternational.com\\\/privacy-policy\\\/\",\"name\":\"Privacy Policy - Ribera International\",\"isPartOf\":{\"@id\":\"https:\\\/\\\/riberacareinternational.com\\\/#website\"},\"datePublished\":\"2024-12-17T11:20:28+00:00\",\"dateModified\":\"2025-05-09T08:35:51+00:00\",\"breadcrumb\":{\"@id\":\"https:\\\/\\\/riberacareinternational.com\\\/privacy-policy\\\/#breadcrumb\"},\"inLanguage\":\"es\",\"potentialAction\":[{\"@type\":\"ReadAction\",\"target\":[\"https:\\\/\\\/riberacareinternational.com\\\/privacy-policy\\\/\"]}]},{\"@type\":\"BreadcrumbList\",\"@id\":\"https:\\\/\\\/riberacareinternational.com\\\/privacy-policy\\\/#breadcrumb\",\"itemListElement\":[{\"@type\":\"ListItem\",\"position\":1,\"name\":\"Portada\",\"item\":\"https:\\\/\\\/riberacareinternational.com\\\/\"},{\"@type\":\"ListItem\",\"position\":2,\"name\":\"Privacy Policy\"}]},{\"@type\":\"WebSite\",\"@id\":\"https:\\\/\\\/riberacareinternational.com\\\/#website\",\"url\":\"https:\\\/\\\/riberacareinternational.com\\\/\",\"name\":\"Ribera Health International Hospitals\",\"description\":\"Ribera Health Group is a leading healthcare provider in Spain, renowned for its excellence in patient care and advanced medical treatments.\",\"publisher\":{\"@id\":\"https:\\\/\\\/riberacareinternational.com\\\/#organization\"},\"potentialAction\":[{\"@type\":\"SearchAction\",\"target\":{\"@type\":\"EntryPoint\",\"urlTemplate\":\"https:\\\/\\\/riberacareinternational.com\\\/?s={search_term_string}\"},\"query-input\":{\"@type\":\"PropertyValueSpecification\",\"valueRequired\":true,\"valueName\":\"search_term_string\"}}],\"inLanguage\":\"es\"},{\"@type\":[\"Organization\",\"Place\",\"MedicalOrganization\"],\"@id\":\"https:\\\/\\\/riberacareinternational.com\\\/#organization\",\"name\":\"Ribera Health International Hospitals\",\"url\":\"https:\\\/\\\/riberacareinternational.com\\\/\",\"logo\":{\"@id\":\"https:\\\/\\\/riberacareinternational.com\\\/privacy-policy\\\/#local-main-organization-logo\"},\"image\":{\"@id\":\"https:\\\/\\\/riberacareinternational.com\\\/privacy-policy\\\/#local-main-organization-logo\"},\"telephone\":[],\"openingHoursSpecification\":[{\"@type\":\"OpeningHoursSpecification\",\"dayOfWeek\":[\"Monday\",\"Tuesday\",\"Wednesday\",\"Thursday\",\"Friday\",\"Saturday\",\"Sunday\"],\"opens\":\"09:00\",\"closes\":\"17:00\"}]},{\"@type\":\"ImageObject\",\"inLanguage\":\"es\",\"@id\":\"https:\\\/\\\/riberacareinternational.com\\\/privacy-policy\\\/#local-main-organization-logo\",\"url\":\"https:\\\/\\\/riberacareinternational.com\\\/wp-content\\\/uploads\\\/2024\\\/12\\\/Logotipo-Red-qgbhgk-1-1.png\",\"contentUrl\":\"https:\\\/\\\/riberacareinternational.com\\\/wp-content\\\/uploads\\\/2024\\\/12\\\/Logotipo-Red-qgbhgk-1-1.png\",\"width\":228,\"height\":90,\"caption\":\"Ribera Health International Hospitals\"}]}<\/script>\n<!-- \/ Yoast SEO Premium plugin. -->","yoast_head_json":{"title":"Pol\u00edtica de privacidad - Ribera International","robots":{"index":"index","follow":"follow","max-snippet":"max-snippet:-1","max-image-preview":"max-image-preview:large","max-video-preview":"max-video-preview:-1"},"canonical":"https:\/\/riberacareinternational.com\/es\/politica-de-privacidad\/","og_locale":"es_ES","og_type":"article","og_title":"Privacy Policy","og_description":"PRIVACY POLICY In compliance with the General Data Protection Regulation 2016\/679 of the European Parliament and of the Council (hereinafter, \u201cGDPR\u201d) and Spanish Organic Law 3\/2018, of 5 December, on the Protection of Personal Data and guarantee of digital rights, Ribera Salud Group hereby informs the user on how the personal data will be gathered [&hellip;]","og_url":"https:\/\/riberacareinternational.com\/es\/politica-de-privacidad\/","og_site_name":"Ribera International","article_modified_time":"2025-05-09T08:35:51+00:00","og_image":[{"width":340,"height":214,"url":"https:\/\/riberacareinternational.com\/wp-content\/uploads\/2025\/01\/hospital-ribera-cavadonga.jpg","type":"image\/jpeg"}],"twitter_card":"summary_large_image","twitter_misc":{"Tiempo de lectura":"5 minutos"},"schema":{"@context":"https:\/\/schema.org","@graph":[{"@type":"WebPage","@id":"https:\/\/riberacareinternational.com\/privacy-policy\/","url":"https:\/\/riberacareinternational.com\/privacy-policy\/","name":"Pol\u00edtica de privacidad - Ribera International","isPartOf":{"@id":"https:\/\/riberacareinternational.com\/#website"},"datePublished":"2024-12-17T11:20:28+00:00","dateModified":"2025-05-09T08:35:51+00:00","breadcrumb":{"@id":"https:\/\/riberacareinternational.com\/privacy-policy\/#breadcrumb"},"inLanguage":"es","potentialAction":[{"@type":"ReadAction","target":["https:\/\/riberacareinternational.com\/privacy-policy\/"]}]},{"@type":"BreadcrumbList","@id":"https:\/\/riberacareinternational.com\/privacy-policy\/#breadcrumb","itemListElement":[{"@type":"ListItem","position":1,"name":"Portada","item":"https:\/\/riberacareinternational.com\/"},{"@type":"ListItem","position":2,"name":"Privacy Policy"}]},{"@type":"WebSite","@id":"https:\/\/riberacareinternational.com\/#website","url":"https:\/\/riberacareinternational.com\/","name":"Hospitales del Grupo Ribera Salud","description":"Grupo Ribera Salud es un proveedor sanitario l\u00edder en Espa\u00f1a, reconocido por su excelencia en la atenci\u00f3n al paciente y sus avanzados tratamientos m\u00e9dicos.","publisher":{"@id":"https:\/\/riberacareinternational.com\/#organization"},"potentialAction":[{"@type":"SearchAction","target":{"@type":"EntryPoint","urlTemplate":"https:\/\/riberacareinternational.com\/?s={search_term_string}"},"query-input":{"@type":"PropertyValueSpecification","valueRequired":true,"valueName":"search_term_string"}}],"inLanguage":"es"},{"@type":["Organization","Place","MedicalOrganization"],"@id":"https:\/\/riberacareinternational.com\/#organization","name":"Hospitales del Grupo Ribera Salud","url":"https:\/\/riberacareinternational.com\/","logo":{"@id":"https:\/\/riberacareinternational.com\/privacy-policy\/#local-main-organization-logo"},"image":{"@id":"https:\/\/riberacareinternational.com\/privacy-policy\/#local-main-organization-logo"},"telephone":[],"openingHoursSpecification":[{"@type":"OpeningHoursSpecification","dayOfWeek":["Monday","Tuesday","Wednesday","Thursday","Friday","Saturday","Sunday"],"opens":"09:00","closes":"17:00"}]},{"@type":"ImageObject","inLanguage":"es","@id":"https:\/\/riberacareinternational.com\/privacy-policy\/#local-main-organization-logo","url":"https:\/\/riberacareinternational.com\/wp-content\/uploads\/2024\/12\/Logotipo-Red-qgbhgk-1-1.png","contentUrl":"https:\/\/riberacareinternational.com\/wp-content\/uploads\/2024\/12\/Logotipo-Red-qgbhgk-1-1.png","width":228,"height":90,"caption":"Ribera Health International Hospitals"}]}},"_links":{"self":[{"href":"https:\/\/riberacareinternational.com\/es\/wp-json\/wp\/v2\/pages\/3","targetHints":{"allow":["GET"]}}],"collection":[{"href":"https:\/\/riberacareinternational.com\/es\/wp-json\/wp\/v2\/pages"}],"about":[{"href":"https:\/\/riberacareinternational.com\/es\/wp-json\/wp\/v2\/types\/page"}],"author":[{"embeddable":true,"href":"https:\/\/riberacareinternational.com\/es\/wp-json\/wp\/v2\/users\/3"}],"replies":[{"embeddable":true,"href":"https:\/\/riberacareinternational.com\/es\/wp-json\/wp\/v2\/comments?post=3"}],"version-history":[{"count":16,"href":"https:\/\/riberacareinternational.com\/es\/wp-json\/wp\/v2\/pages\/3\/revisions"}],"predecessor-version":[{"id":2782,"href":"https:\/\/riberacareinternational.com\/es\/wp-json\/wp\/v2\/pages\/3\/revisions\/2782"}],"wp:attachment":[{"href":"https:\/\/riberacareinternational.com\/es\/wp-json\/wp\/v2\/media?parent=3"}],"curies":[{"name":"gracias","href":"https:\/\/api.w.org\/{rel}","templated":true}]}}