{"id":3,"date":"2024-12-17T11:20:28","date_gmt":"2024-12-17T11:20:28","guid":{"rendered":"https:\/\/riberacareinternational.com\/?page_id=3"},"modified":"2025-05-09T08:35:51","modified_gmt":"2025-05-09T08:35:51","slug":"politique-de-confidentialite","status":"publish","type":"page","link":"https:\/\/riberacareinternational.com\/fr\/privacy-policy\/","title":{"rendered":"politique de confidentialit\u00e9"},"content":{"rendered":"<div data-elementor-type=\"wp-page\" data-elementor-id=\"3\" class=\"elementor elementor-3\" data-elementor-post-type=\"page\">\n\t\t\t\t<div class=\"elementor-element elementor-element-7174f3a e-flex e-con-boxed e-con e-parent\" data-id=\"7174f3a\" data-element_type=\"container\" data-e-type=\"container\">\n\t\t\t\t\t<div class=\"e-con-inner\">\n\t\t\t\t<div class=\"elementor-element elementor-element-ff52d64 elementor-widget elementor-widget-text-editor\" data-id=\"ff52d64\" data-element_type=\"widget\" data-e-type=\"widget\" data-widget_type=\"text-editor.default\">\n\t\t\t\t<div class=\"elementor-widget-container\">\n\t\t\t\t\t\t\t\t\t<p><strong>POLITIQUE DE CONFIDENTIALIT\u00c9<\/strong><\/p><p>Conform\u00e9ment au R\u00e8glement g\u00e9n\u00e9ral sur la protection des donn\u00e9es 2016\/679 du Parlement europ\u00e9en et du Conseil (ci-apr\u00e8s, \u00ab RGPD \u00bb) et \u00e0 la loi organique espagnole 3\/2018, du 5 d\u00e9cembre, relative \u00e0 la protection des donn\u00e9es personnelles et \u00e0 la garantie des droits num\u00e9riques, le Groupe Ribera Salud informe l&#039;utilisateur sur la mani\u00e8re dont les donn\u00e9es personnelles seront collect\u00e9es et trait\u00e9es sur le site Web suivant : <a href=\"https:\/\/www.riberasalud.com\/\">www.riberasalud.com<\/a><\/p><ol><li><strong> Identification du responsable du traitement.<\/strong><\/li><\/ol><p>Le responsable du traitement des donn\u00e9es personnelles de l&#039;utilisateur est Torrevieja Salud, SLU avec le num\u00e9ro d&#039;identification fiscale. B54404785 et adresse enregistr\u00e9e \u00e0 l&#039;Avenida de las Cortes Valencianas, num\u00e9ro 58, Edificio Sorolla Center, 46015, Valence, Espagne.<\/p><p>Les utilisateurs peuvent contacter l&#039;entreprise en appelant le num\u00e9ro suivant : +34 965 725 915, ou \u00e0 l&#039;adresse e-mail suivante : info.ciudadquesada@riberacare.com.<\/p><p>Pour toute question relative \u00e0 la pr\u00e9sente Politique de Confidentialit\u00e9, l&#039;utilisateur peut contacter le D\u00e9l\u00e9gu\u00e9 \u00e0 la Protection des Donn\u00e9es du Groupe RIBERA SALUD en envoyant un courrier \u00e9lectronique \u00e0 : dpo@riberasalud.es.<\/p><p><strong>2.- Finalit\u00e9s du traitement et base juridique.<\/strong><\/p><p>Les traitements de donn\u00e9es suivants seront effectu\u00e9s par le responsable du traitement via le site Web, avec la base juridique appropri\u00e9e, dans le respect des droits et libert\u00e9s des parties int\u00e9ress\u00e9es :<\/p><ol start=\"2\"><li><a name=\"_Toc164273065\"><\/a><strong> 1 <\/strong><strong>G\u00e9rer les demandes d&#039;informations et de contact.<\/strong><\/li><\/ol><ul><li>Finalit\u00e9 : traiter les demandes de contact via les moyens mis \u00e0 disposition sur le site (email, t\u00e9l\u00e9phone, formulaire de contact, etc.), afin de pouvoir r\u00e9pondre aux demandes des services propos\u00e9s.<\/li><li>Base juridique : Ex\u00e9cution de la relation pr\u00e9contractuelle ou contractuelle avec le patient.<\/li><li>Types de donn\u00e9es trait\u00e9es : donn\u00e9es d&#039;identification, de contact et de sant\u00e9.\u00a0<\/li><\/ul><ol start=\"2\"><li><strong> 2 Gestion des soins aux patients<\/strong><\/li><\/ol><ul><li>Finalit\u00e9 : La fourniture des services de soins de sant\u00e9, de diagnostic et de traitements m\u00e9dicaux demand\u00e9s.<\/li><li>Base juridique : Ex\u00e9cution de la relation pr\u00e9contractuelle ou contractuelle avec le patient.<\/li><li>Types de donn\u00e9es trait\u00e9es\u00a0: donn\u00e9es d&#039;identification, de contact, de sant\u00e9 et financi\u00e8res. La collecte de donn\u00e9es personnelles peut \u00eatre effectu\u00e9e via le site web, le t\u00e9l\u00e9phone, les centres de sant\u00e9 du Groupe Ribera o\u00f9 vous serez pris en charge (\u2026) ou, le cas \u00e9ch\u00e9ant, par des compagnies d&#039;assurance ou des mutuelles d&#039;assurance accidents.<\/li><\/ul><p><strong>\u00a0<\/strong><\/p><p><strong>2.3 Gestion et traitement des demandes de rendez-vous des patients.<\/strong><\/p><ul><li>Finalit\u00e9 : G\u00e9rer les rendez-vous m\u00e9dicaux demand\u00e9s via les canaux indiqu\u00e9s sur le Site.<\/li><li>Base juridique : Ex\u00e9cution de la relation pr\u00e9contractuelle ou contractuelle avec le patient.<\/li><li>Types de donn\u00e9es trait\u00e9es : donn\u00e9es d&#039;identification, de contact, personnelles et de sant\u00e9.<\/li><\/ul><p><strong>2.3 Orientation financi\u00e8re.<\/strong><\/p><ul><li>Finalit\u00e9 : Fournir les services de conseils financiers d\u00e9taill\u00e9s sur le site Web pour le paiement des traitements m\u00e9dicaux ou autres services demand\u00e9s par le patient.<\/li><li>Base juridique : Ex\u00e9cution de la relation pr\u00e9contractuelle ou contractuelle avec l&#039;utilisateur.<\/li><li>Types de donn\u00e9es trait\u00e9es : donn\u00e9es d\u2019identification, donn\u00e9es de contact, transactions de biens et services, donn\u00e9es financi\u00e8res et donn\u00e9es de sant\u00e9.<\/li><\/ul><p><strong>2.4 G\u00e9rer l\u2019assistance aux transferts, \u00e0 l\u2019h\u00e9bergement ou aux services linguistiques.<\/strong><\/p><ul><li>Finalit\u00e9 : La fourniture de services de transfert, d&#039;h\u00e9bergement et\/ou de langues publi\u00e9s et demand\u00e9s via le site Web.<\/li><li>Base juridique : Ex\u00e9cution de la relation pr\u00e9contractuelle ou contractuelle avec le patient.<\/li><li>Types de donn\u00e9es trait\u00e9es : donn\u00e9es d\u2019identification, donn\u00e9es de contact, transactions de biens et services, donn\u00e9es financi\u00e8res et donn\u00e9es de sant\u00e9.<\/li><\/ul><p><strong>2.5 \u00a0<\/strong><strong>G\u00e9rer l&#039;abonnement des utilisateurs \u00e0 la newsletter.<\/strong><\/p><p>Ce traitement de donn\u00e9es sera effectu\u00e9 par l&#039;entit\u00e9 RIBERA SALUD, SAU, avec code d&#039;identification fiscale A-03681186 et si\u00e8ge social \u00e0 Avenida Cortes Valencianas, num\u00e9ro 58, Edificio Sorolla Center, 46015, Valence, Espagne.<\/p><ul><li>Finalit\u00e9 : g\u00e9rer les abonnements des utilisateurs \u00e0 la newsletter en envoyant des communications commerciales \u00e9lectroniques sur les services.<\/li><li>Base juridique : consentement des parties int\u00e9ress\u00e9es.<\/li><li>Types de donn\u00e9es trait\u00e9es : donn\u00e9es d&#039;identification et de contact.<\/li><\/ul><p><strong>\u00a0<\/strong><\/p><p><strong>3.- Destinataires.<\/strong><\/p><p><strong>3.1. Communication des donn\u00e9es \u00e0 des tiers.<\/strong>\u00a0<\/p><p>Vos donn\u00e9es peuvent \u00eatre transf\u00e9r\u00e9es conform\u00e9ment aux hypoth\u00e8ses suivantes :<\/p><ul><li>Les donn\u00e9es des patients peuvent \u00eatre consult\u00e9es par les centres du groupe Ribera (https:\/\/www.riberasalud.com\/sociedades-del-grupo-ribera\/ ) afin de garantir la continuit\u00e9 ad\u00e9quate des soins et la prestation des services susmentionn\u00e9s.<\/li><li>Conform\u00e9ment aux dispositions de la l\u00e9gislation en vigueur, vos donn\u00e9es pourront \u00eatre communiqu\u00e9es aux autorit\u00e9s sanitaires et autres organismes publics comp\u00e9tents en la mati\u00e8re.<\/li><li>Dans le cas des patients ayant recours \u00e0 des assurances maladie priv\u00e9es, leurs donn\u00e9es seront communiqu\u00e9es \u00e0 l&#039;assureur pour le paiement des services, \u00e0 la demande de l&#039;administration fiscale, des tribunaux ou d&#039;autres administrations publiques comp\u00e9tentes.<\/li><\/ul><p><strong>3.2. Sous-traitants de donn\u00e9es<\/strong>\u00a0<\/p><p>Le traitement des donn\u00e9es des patients peut \u00eatre effectu\u00e9 par des prestataires de services sp\u00e9cialis\u00e9s. Ces prestataires traiteront les donn\u00e9es uniquement aux fins d\u00e9finies par le Responsable du traitement.<\/p><ol start=\"4\"><li><strong> Transferts internationaux de donn\u00e9es<\/strong><\/li><\/ol><p>Le responsable du traitement effectuera le traitement des donn\u00e9es du patient enti\u00e8rement sur le territoire de l&#039;Union europ\u00e9enne, c&#039;est pourquoi il ne pr\u00e9voit aucun transfert international de donn\u00e9es.<\/p><p><strong>5.- P\u00e9riodes de stockage.<\/strong><\/p><p>RIBERA SALUD conservera les donn\u00e9es personnelles de l&#039;utilisateur aussi longtemps que n\u00e9cessaire au traitement des donn\u00e9es aux fins pour lesquelles elles ont \u00e9t\u00e9 collect\u00e9es, sauf opposition de l&#039;utilisateur ou retrait de son consentement, selon la base juridique. Dans tous les cas, les donn\u00e9es personnelles seront conserv\u00e9es pendant la dur\u00e9e requise par la loi pour respecter les obligations l\u00e9gales.<\/p><p>De m\u00eame, en ce qui concerne le traitement li\u00e9 \u00e0 l&#039;envoi de communications commerciales \u00e9lectroniques, les donn\u00e9es des utilisateurs qui ont consenti \u00e0 leur r\u00e9ception seront conserv\u00e9es jusqu&#039;\u00e0 ce que l&#039;utilisateur demande l&#039;annulation de ladite r\u00e9ception, en suivant les instructions qu&#039;il trouvera au bas de chaque courrier \u00e9lectronique.<\/p><p><strong>6.- Droits des utilisateurs.<\/strong><\/p><p>L&#039;utilisateur dispose d&#039;un droit d&#039;acc\u00e8s, de rectification, de suppression, d&#039;opposition, de limitation et de portabilit\u00e9 de ses donn\u00e9es. Il peut exercer ces droits en adressant une demande sign\u00e9e, accompagn\u00e9e d&#039;une photocopie de sa pi\u00e8ce d&#039;identit\u00e9, directement au D\u00e9l\u00e9gu\u00e9 \u00e0 la Protection des Donn\u00e9es du Groupe RIBERA SALUD, par courriel \u00e0 l&#039;adresse suivante\u00a0: dpo@riberasalud.es, ou par courrier postal \u00e0 l&#039;adresse suivante\u00a0: Cortes Valencianas, num\u00e9ro 58, Edificio Sorolla Center, 46015, Valence (Espagne), avec pour objet\u00a0: \u00ab\u00a0Protection des donn\u00e9es\u00a0\u00bb.<\/p><p>De plus, les utilisateurs sont inform\u00e9s qu&#039;en cas de non-r\u00e9ponse \u00e0 leurs demandes d&#039;exercice de leurs droits, ils peuvent d\u00e9poser une plainte aupr\u00e8s de l&#039;Agence espagnole de protection des donn\u00e9es (AEPD). Plus d&#039;informations disponibles sur\u00a0: <a href=\"http:\/\/www.aepd.es\/\">www.aepd.es<\/a>.<\/p><ol start=\"7\"><li><strong> Changements.<\/strong><\/li><\/ol><p>L&#039;organisation se r\u00e9serve le droit de modifier le contenu de ce site web \u00e0 tout moment, d&#039;y ajouter de nouvelles fonctionnalit\u00e9s et de modifier les pr\u00e9sentes conditions. Dans ce cas, la mise \u00e0 jour correspondante sera publi\u00e9e sur le site web afin que l&#039;utilisateur soit inform\u00e9 de toute modification.<\/p><p>Derni\u00e8re mise \u00e0 jour\u00a0: f\u00e9vrier 2025<\/p>\t\t\t\t\t\t\t\t<\/div>\n\t\t\t\t<\/div>\n\t\t\t\t\t<\/div>\n\t\t\t\t<\/div>\n\t\t\t\t<\/div>","protected":false},"excerpt":{"rendered":"<p>PRIVACY POLICY In compliance with the General Data Protection Regulation 2016\/679 of the European Parliament and of the Council (hereinafter, \u201cGDPR\u201d) and Spanish Organic Law 3\/2018, of 5 December, on the Protection of Personal Data and guarantee of digital rights, Ribera Salud Group hereby informs the user on how the personal data will be gathered [&hellip;]<\/p>\n","protected":false},"author":3,"featured_media":0,"parent":0,"menu_order":0,"comment_status":"closed","ping_status":"open","template":"","meta":{"_acf_changed":false,"footnotes":""},"class_list":["post-3","page","type-page","status-publish","hentry"],"acf":[],"yoast_head":"<!-- This site is optimized with the Yoast SEO Premium plugin v25.1 (Yoast SEO v27.3) - https:\/\/yoast.com\/product\/yoast-seo-premium-wordpress\/ -->\n<title>Privacy Policy - Ribera International<\/title>\n<meta name=\"robots\" content=\"index, follow, max-snippet:-1, max-image-preview:large, max-video-preview:-1\" \/>\n<link rel=\"canonical\" href=\"https:\/\/riberacareinternational.com\/fr\/politique-de-confidentialite\/\" \/>\n<meta property=\"og:locale\" content=\"fr_FR\" \/>\n<meta property=\"og:type\" content=\"article\" \/>\n<meta property=\"og:title\" content=\"Privacy Policy\" \/>\n<meta property=\"og:description\" content=\"PRIVACY POLICY In compliance with the General Data Protection Regulation 2016\/679 of the European Parliament and of the Council (hereinafter, \u201cGDPR\u201d) and Spanish Organic Law 3\/2018, of 5 December, on the Protection of Personal Data and guarantee of digital rights, Ribera Salud Group hereby informs the user on how the personal data will be gathered [&hellip;]\" \/>\n<meta property=\"og:url\" content=\"https:\/\/riberacareinternational.com\/fr\/politique-de-confidentialite\/\" \/>\n<meta property=\"og:site_name\" content=\"Ribera International\" \/>\n<meta property=\"article:modified_time\" content=\"2025-05-09T08:35:51+00:00\" \/>\n<meta property=\"og:image\" content=\"https:\/\/riberacareinternational.com\/wp-content\/uploads\/2025\/01\/hospital-ribera-cavadonga.jpg\" \/>\n\t<meta property=\"og:image:width\" content=\"340\" \/>\n\t<meta property=\"og:image:height\" content=\"214\" \/>\n\t<meta property=\"og:image:type\" content=\"image\/jpeg\" \/>\n<meta name=\"twitter:card\" content=\"summary_large_image\" \/>\n<meta name=\"twitter:label1\" content=\"Dur\u00e9e de lecture estim\u00e9e\" \/>\n\t<meta name=\"twitter:data1\" content=\"5 minutes\" \/>\n<script type=\"application\/ld+json\" class=\"yoast-schema-graph\">{\"@context\":\"https:\\\/\\\/schema.org\",\"@graph\":[{\"@type\":\"WebPage\",\"@id\":\"https:\\\/\\\/riberacareinternational.com\\\/privacy-policy\\\/\",\"url\":\"https:\\\/\\\/riberacareinternational.com\\\/privacy-policy\\\/\",\"name\":\"Privacy Policy - Ribera International\",\"isPartOf\":{\"@id\":\"https:\\\/\\\/riberacareinternational.com\\\/#website\"},\"datePublished\":\"2024-12-17T11:20:28+00:00\",\"dateModified\":\"2025-05-09T08:35:51+00:00\",\"breadcrumb\":{\"@id\":\"https:\\\/\\\/riberacareinternational.com\\\/privacy-policy\\\/#breadcrumb\"},\"inLanguage\":\"fr-FR\",\"potentialAction\":[{\"@type\":\"ReadAction\",\"target\":[\"https:\\\/\\\/riberacareinternational.com\\\/privacy-policy\\\/\"]}]},{\"@type\":\"BreadcrumbList\",\"@id\":\"https:\\\/\\\/riberacareinternational.com\\\/privacy-policy\\\/#breadcrumb\",\"itemListElement\":[{\"@type\":\"ListItem\",\"position\":1,\"name\":\"Portada\",\"item\":\"https:\\\/\\\/riberacareinternational.com\\\/\"},{\"@type\":\"ListItem\",\"position\":2,\"name\":\"Privacy Policy\"}]},{\"@type\":\"WebSite\",\"@id\":\"https:\\\/\\\/riberacareinternational.com\\\/#website\",\"url\":\"https:\\\/\\\/riberacareinternational.com\\\/\",\"name\":\"Ribera Health International Hospitals\",\"description\":\"Ribera Health Group is a leading healthcare provider in Spain, renowned for its excellence in patient care and advanced medical treatments.\",\"publisher\":{\"@id\":\"https:\\\/\\\/riberacareinternational.com\\\/#organization\"},\"potentialAction\":[{\"@type\":\"SearchAction\",\"target\":{\"@type\":\"EntryPoint\",\"urlTemplate\":\"https:\\\/\\\/riberacareinternational.com\\\/?s={search_term_string}\"},\"query-input\":{\"@type\":\"PropertyValueSpecification\",\"valueRequired\":true,\"valueName\":\"search_term_string\"}}],\"inLanguage\":\"fr-FR\"},{\"@type\":[\"Organization\",\"Place\",\"MedicalOrganization\"],\"@id\":\"https:\\\/\\\/riberacareinternational.com\\\/#organization\",\"name\":\"Ribera Health International Hospitals\",\"url\":\"https:\\\/\\\/riberacareinternational.com\\\/\",\"logo\":{\"@id\":\"https:\\\/\\\/riberacareinternational.com\\\/privacy-policy\\\/#local-main-organization-logo\"},\"image\":{\"@id\":\"https:\\\/\\\/riberacareinternational.com\\\/privacy-policy\\\/#local-main-organization-logo\"},\"telephone\":[],\"openingHoursSpecification\":[{\"@type\":\"OpeningHoursSpecification\",\"dayOfWeek\":[\"Monday\",\"Tuesday\",\"Wednesday\",\"Thursday\",\"Friday\",\"Saturday\",\"Sunday\"],\"opens\":\"09:00\",\"closes\":\"17:00\"}]},{\"@type\":\"ImageObject\",\"inLanguage\":\"fr-FR\",\"@id\":\"https:\\\/\\\/riberacareinternational.com\\\/privacy-policy\\\/#local-main-organization-logo\",\"url\":\"https:\\\/\\\/riberacareinternational.com\\\/wp-content\\\/uploads\\\/2024\\\/12\\\/Logotipo-Red-qgbhgk-1-1.png\",\"contentUrl\":\"https:\\\/\\\/riberacareinternational.com\\\/wp-content\\\/uploads\\\/2024\\\/12\\\/Logotipo-Red-qgbhgk-1-1.png\",\"width\":228,\"height\":90,\"caption\":\"Ribera Health International Hospitals\"}]}<\/script>\n<!-- \/ Yoast SEO Premium plugin. -->","yoast_head_json":{"title":"Politique de confidentialit\u00e9 - Ribera International","robots":{"index":"index","follow":"follow","max-snippet":"max-snippet:-1","max-image-preview":"max-image-preview:large","max-video-preview":"max-video-preview:-1"},"canonical":"https:\/\/riberacareinternational.com\/fr\/politique-de-confidentialite\/","og_locale":"fr_FR","og_type":"article","og_title":"Privacy Policy","og_description":"PRIVACY POLICY In compliance with the General Data Protection Regulation 2016\/679 of the European Parliament and of the Council (hereinafter, \u201cGDPR\u201d) and Spanish Organic Law 3\/2018, of 5 December, on the Protection of Personal Data and guarantee of digital rights, Ribera Salud Group hereby informs the user on how the personal data will be gathered [&hellip;]","og_url":"https:\/\/riberacareinternational.com\/fr\/politique-de-confidentialite\/","og_site_name":"Ribera International","article_modified_time":"2025-05-09T08:35:51+00:00","og_image":[{"width":340,"height":214,"url":"https:\/\/riberacareinternational.com\/wp-content\/uploads\/2025\/01\/hospital-ribera-cavadonga.jpg","type":"image\/jpeg"}],"twitter_card":"summary_large_image","twitter_misc":{"Dur\u00e9e de lecture estim\u00e9e":"5 minutes"},"schema":{"@context":"https:\/\/schema.org","@graph":[{"@type":"WebPage","@id":"https:\/\/riberacareinternational.com\/privacy-policy\/","url":"https:\/\/riberacareinternational.com\/privacy-policy\/","name":"Politique de confidentialit\u00e9 - Ribera International","isPartOf":{"@id":"https:\/\/riberacareinternational.com\/#website"},"datePublished":"2024-12-17T11:20:28+00:00","dateModified":"2025-05-09T08:35:51+00:00","breadcrumb":{"@id":"https:\/\/riberacareinternational.com\/privacy-policy\/#breadcrumb"},"inLanguage":"fr-FR","potentialAction":[{"@type":"ReadAction","target":["https:\/\/riberacareinternational.com\/privacy-policy\/"]}]},{"@type":"BreadcrumbList","@id":"https:\/\/riberacareinternational.com\/privacy-policy\/#breadcrumb","itemListElement":[{"@type":"ListItem","position":1,"name":"Portada","item":"https:\/\/riberacareinternational.com\/"},{"@type":"ListItem","position":2,"name":"Privacy Policy"}]},{"@type":"WebSite","@id":"https:\/\/riberacareinternational.com\/#website","url":"https:\/\/riberacareinternational.com\/","name":"H\u00f4pitaux internationaux Ribera Health","description":"Ribera Health Group est un fournisseur de soins de sant\u00e9 de premier plan en Espagne, r\u00e9put\u00e9 pour son excellence dans les soins aux patients et ses traitements m\u00e9dicaux avanc\u00e9s.","publisher":{"@id":"https:\/\/riberacareinternational.com\/#organization"},"potentialAction":[{"@type":"SearchAction","target":{"@type":"EntryPoint","urlTemplate":"https:\/\/riberacareinternational.com\/?s={search_term_string}"},"query-input":{"@type":"PropertyValueSpecification","valueRequired":true,"valueName":"search_term_string"}}],"inLanguage":"fr-FR"},{"@type":["Organization","Place","MedicalOrganization"],"@id":"https:\/\/riberacareinternational.com\/#organization","name":"H\u00f4pitaux internationaux Ribera Health","url":"https:\/\/riberacareinternational.com\/","logo":{"@id":"https:\/\/riberacareinternational.com\/privacy-policy\/#local-main-organization-logo"},"image":{"@id":"https:\/\/riberacareinternational.com\/privacy-policy\/#local-main-organization-logo"},"telephone":[],"openingHoursSpecification":[{"@type":"OpeningHoursSpecification","dayOfWeek":["Monday","Tuesday","Wednesday","Thursday","Friday","Saturday","Sunday"],"opens":"09:00","closes":"17:00"}]},{"@type":"ImageObject","inLanguage":"fr-FR","@id":"https:\/\/riberacareinternational.com\/privacy-policy\/#local-main-organization-logo","url":"https:\/\/riberacareinternational.com\/wp-content\/uploads\/2024\/12\/Logotipo-Red-qgbhgk-1-1.png","contentUrl":"https:\/\/riberacareinternational.com\/wp-content\/uploads\/2024\/12\/Logotipo-Red-qgbhgk-1-1.png","width":228,"height":90,"caption":"Ribera Health International Hospitals"}]}},"_links":{"self":[{"href":"https:\/\/riberacareinternational.com\/fr\/wp-json\/wp\/v2\/pages\/3","targetHints":{"allow":["GET"]}}],"collection":[{"href":"https:\/\/riberacareinternational.com\/fr\/wp-json\/wp\/v2\/pages"}],"about":[{"href":"https:\/\/riberacareinternational.com\/fr\/wp-json\/wp\/v2\/types\/page"}],"author":[{"embeddable":true,"href":"https:\/\/riberacareinternational.com\/fr\/wp-json\/wp\/v2\/users\/3"}],"replies":[{"embeddable":true,"href":"https:\/\/riberacareinternational.com\/fr\/wp-json\/wp\/v2\/comments?post=3"}],"version-history":[{"count":16,"href":"https:\/\/riberacareinternational.com\/fr\/wp-json\/wp\/v2\/pages\/3\/revisions"}],"predecessor-version":[{"id":2782,"href":"https:\/\/riberacareinternational.com\/fr\/wp-json\/wp\/v2\/pages\/3\/revisions\/2782"}],"wp:attachment":[{"href":"https:\/\/riberacareinternational.com\/fr\/wp-json\/wp\/v2\/media?parent=3"}],"curies":[{"name":"wp","href":"https:\/\/api.w.org\/{rel}","templated":true}]}}