{"id":3,"date":"2024-12-17T11:20:28","date_gmt":"2024-12-17T11:20:28","guid":{"rendered":"https:\/\/riberacareinternational.com\/?page_id=3"},"modified":"2025-05-09T08:35:51","modified_gmt":"2025-05-09T08:35:51","slug":"personvernpolicy","status":"publish","type":"page","link":"https:\/\/riberacareinternational.com\/nb\/privacy-policy\/","title":{"rendered":"Retningslinjer for personvern"},"content":{"rendered":"<div data-elementor-type=\"wp-page\" data-elementor-id=\"3\" class=\"elementor elementor-3\" data-elementor-post-type=\"page\">\n\t\t\t\t<div class=\"elementor-element elementor-element-7174f3a e-flex e-con-boxed e-con e-parent\" data-id=\"7174f3a\" data-element_type=\"container\" data-e-type=\"container\">\n\t\t\t\t\t<div class=\"e-con-inner\">\n\t\t\t\t<div class=\"elementor-element elementor-element-ff52d64 elementor-widget elementor-widget-text-editor\" data-id=\"ff52d64\" data-element_type=\"widget\" data-e-type=\"widget\" data-widget_type=\"text-editor.default\">\n\t\t\t\t<div class=\"elementor-widget-container\">\n\t\t\t\t\t\t\t\t\t<p><strong>RETNINGSLINJER FOR PERSONVERN<\/strong><\/p><p>I samsvar med Europaparlamentets og R\u00e5dets personvernforordning 2016\/679 (heretter kalt \u201cGDPR\u201d) og den spanske organiske loven 3\/2018, av 5. desember, om beskyttelse av personopplysninger og garanti for digitale rettigheter, informerer Ribera Salud Group herved brukeren om hvordan personopplysningene vil bli samlet inn og behandlet p\u00e5 f\u00f8lgende nettsted: <a href=\"https:\/\/www.riberasalud.com\/\">www.riberasalud.com<\/a><\/p><ol><li><strong> Identifikasjon av behandlingsansvarlig.<\/strong><\/li><\/ol><p>Behandlingsansvarlig for brukerens personopplysninger er Torrevieja Salud, S.L.U. med skatte-ID nr. B54404785 og registrert adresse p\u00e5 Avenida de las Cortes Valencianas, nummer 58, Edificio Sorolla Center, 46015, Valencia, Spania.<\/p><p>Brukere kan komme i kontakt med selskapet ved \u00e5 ringe f\u00f8lgende nummer: +34 965 725 915, eller p\u00e5 f\u00f8lgende e-postadresse: info.ciudadquesada@riberacare.com.<\/p><p>For sp\u00f8rsm\u00e5l ang\u00e5ende denne personvernerkl\u00e6ringen kan brukeren kontakte RIBERA SALUD-konsernets personvernombud ved \u00e5 sende en e-post til: dpo@riberasalud.es.<\/p><p><strong>2.- Behandlingsform\u00e5l og rettslig grunnlag.<\/strong><\/p><p>F\u00f8lgende databehandlingsoperasjoner vil bli utf\u00f8rt av den behandlingsansvarlige gjennom nettstedet, med passende juridisk grunnlag, og med respekt for de ber\u00f8rte partenes rettigheter og friheter:<\/p><ol start=\"2\"><li><a name=\"_Toc164273065\"><\/a><strong> 1 <\/strong><strong>Administrer informasjon og kontaktforesp\u00f8rsler.<\/strong><\/li><\/ol><ul><li>Form\u00e5l: Behandle foresp\u00f8rsler om kontakt gjennom de midlene som er gjort tilgjengelige p\u00e5 nettstedet (e-post, telefon, kontaktskjema osv.), for \u00e5 kunne delta p\u00e5 begj\u00e6ringer om de tjenestene som tilbys.<\/li><li>Juridisk grunnlag: Gjennomf\u00f8ring av det prekontraktuelle eller kontraktsmessige forholdet med pasienten.<\/li><li>Typer opplysninger som behandles: identifikasjons-, kontakt- og helseopplysninger.\u00a0<\/li><\/ul><ol start=\"2\"><li><strong> 2 Ledelse av pasientbehandling<\/strong><\/li><\/ol><ul><li>Form\u00e5l: Levering av helsetjenester, diagnostisering og medisinsk behandling som det er bedt om.<\/li><li>Juridisk grunnlag: Gjennomf\u00f8ring av det prekontraktuelle eller kontraktsmessige forholdet med pasienten.<\/li><li>Typer data som behandles: identifikasjon, kontakt, helse og \u00f8konomiske data. Innsamling av personopplysninger kan skje via nettstedet, telefon, helsesentrene til Ribera Group der du vil bli behandlet () eller de kan eventuelt bli gitt av forsikringsselskaper, gjensidige ulykkesforsikringsselskaper.<\/li><\/ul><p><strong>\u00a0<\/strong><\/p><p><strong>2.3 H\u00e5ndtere og h\u00e5ndtere foresp\u00f8rsler om pasientavtaler.<\/strong><\/p><ul><li>Form\u00e5l: Administrere medisinske avtaler som er bestilt gjennom de kanalene som er angitt p\u00e5 nettstedet.<\/li><li>Juridisk grunnlag: Gjennomf\u00f8ring av det prekontraktuelle eller kontraktsmessige forholdet med pasienten.<\/li><li>Typer opplysninger som behandles: identifikasjons-, kontakt-, person- og helseopplysninger.<\/li><\/ul><p><strong>2.3 Finansiell veiledning.<\/strong><\/p><ul><li>Form\u00e5l: Tilby finansielle r\u00e5dgivningstjenester som er beskrevet p\u00e5 nettstedet, for betaling av medisinske behandlinger eller andre tjenester som pasienten har bedt om.<\/li><li>Juridisk grunnlag: Gjennomf\u00f8ring av det prekontraktuelle eller kontraktsmessige forholdet med brukeren.<\/li><li>Typer data som behandles: identifikasjonsdata, kontaktdata, transaksjoner av varer og tjenester, finansielle data og helseopplysninger.<\/li><\/ul><p><strong>2.4 Administrere assistanse i forbindelse med transport, innkvartering eller spr\u00e5ktjenester.<\/strong><\/p><ul><li>Form\u00e5l: Levering av transport-, innkvarterings- og\/eller spr\u00e5ktjenester som er publisert og forespurt via nettstedet.<\/li><li>Juridisk grunnlag: Gjennomf\u00f8ring av det prekontraktuelle eller kontraktsmessige forholdet med pasienten.<\/li><li>Typer data som behandles: identifikasjonsdata, kontaktdata, transaksjoner av varer og tjenester, finansielle data og helseopplysninger.<\/li><\/ul><p><strong>2.5 \u00a0<\/strong><strong>Administrer brukernes abonnement p\u00e5 nyhetsbrevet.<\/strong><\/p><p>Denne databehandlingen vil bli utf\u00f8rt av enheten RIBERA SALUD, S.A.U, med skatteidentifikasjonskode A-03681186 og registrert kontor p\u00e5 Avenida Cortes Valencianas, nummer 58, Edificio Sorolla Center, 46015, Valencia, Spania.<\/p><ul><li>Form\u00e5l: administrere brukerabonnementer p\u00e5 nyhetsbrevet ved \u00e5 sende elektronisk kommersiell kommunikasjon om tjenestene.<\/li><li>Rettslig grunnlag: samtykke fra de ber\u00f8rte partene.<\/li><li>Typer opplysninger som behandles: identifikasjons- og kontaktopplysninger.<\/li><\/ul><p><strong>\u00a0<\/strong><\/p><p><strong>3.- Mottakere.<\/strong><\/p><p><strong>3.1. Overf\u00f8ring av data til tredjeparter.<\/strong>\u00a0<\/p><p>Opplysningene dine kan overf\u00f8res i samsvar med f\u00f8lgende forutsetninger:<\/p><ul><li>Sentrene i Ribera-konsernet (https:\/\/www.riberasalud.com\/sociedades-del-grupo-ribera\/ ) kan f\u00e5 tilgang til pasientdata for \u00e5 sikre tilstrekkelig kontinuitet i behandlingen og levering av de ovennevnte tjenestene.<\/li><li>I henhold til gjeldende lovgivning kan opplysningene dine bli utlevert til helsemyndigheter og andre offentlige organer med kompetanse p\u00e5 omr\u00e5det.<\/li><li>N\u00e5r det gjelder pasienter som bruker private helseforsikringsselskaper, vil deres data bli formidlet til forsikringsselskapet for betaling av tjenestene. P\u00e5 foresp\u00f8rsel fra skatteetaten, domstoler eller andre kompetente offentlige myndigheter.<\/li><\/ul><p><strong>3.2. Databehandlere<\/strong>\u00a0<\/p><p>Behandlingen av pasientopplysninger kan utf\u00f8res av egnede tjenesteleverand\u00f8rer som leies inn. Disse tjenesteleverand\u00f8rene vil kun behandle opplysningene for de form\u00e5lene som er definert av den behandlingsansvarlige.<\/p><ol start=\"4\"><li><strong> Internasjonale dataoverf\u00f8ringer<\/strong><\/li><\/ol><p>Den behandlingsansvarlige vil utf\u00f8re behandlingen av pasientens opplysninger utelukkende p\u00e5 Den europeiske unions territorium, og det er derfor ikke planlagt noen internasjonal overf\u00f8ring av opplysninger.<\/p><p><strong>5.- Lagringsperioder.<\/strong><\/p><p>RIBERA SALUD vil oppbevare brukerens personopplysninger s\u00e5 lenge det er n\u00f8dvendig for \u00e5 kunne behandle opplysningene til de form\u00e5lene de ble samlet inn for, med mindre brukeren motsetter seg behandlingen eller trekker tilbake sitt samtykke, avhengig av det juridiske grunnlaget. Personopplysningene vil uansett bli lagret s\u00e5 lenge det er lovp\u00e5lagt for \u00e5 overholde rettslige forpliktelser.<\/p><p>N\u00e5r det gjelder behandlingen knyttet til sending av elektronisk kommersiell kommunikasjon, vil dataene til brukerne som har samtykket til mottak av dem, bli oppbevart til brukeren ber om kansellering av nevnte mottak, ved \u00e5 f\u00f8lge instruksjonene som de finner nederst i hver e-post.<\/p><p><strong>6.- Brukerrettigheter.<\/strong><\/p><p>Brukeren har rett til innsyn, retting, sletting, innsigelse, begrensning og dataportabilitet; brukeren kan ut\u00f8ve disse rettighetene ved \u00e5 sende en underskrevet begj\u00e6ring, sammen med en fotokopi av legitimasjon, direkte til RIBERA SALUD-konsernets personvernombud, eller ved \u00e5 sende en e-post til f\u00f8lgende adresse: dpo@riberasalud.es, eller et brev til f\u00f8lgende postadresse: Cortes Valencianas, nummer 58, Edificio Sorolla Center, 46015, Valencia (Spania), med emnefeltet: \u201cBeskyttelse av personopplysninger\u201d<\/p><p>Videre informeres brukerne om at dersom de ikke f\u00e5r svar p\u00e5 sine foresp\u00f8rsler om \u00e5 ut\u00f8ve sine rettigheter, kan de sende inn en klage til det spanske databeskyttelsesbyr\u00e5et (AEPD). Mer informasjon er tilgjengelig p\u00e5: <a href=\"http:\/\/www.aepd.es\/\">www.aepd.es<\/a>.<\/p><ol start=\"7\"><li><strong> Endringer.<\/strong><\/li><\/ol><p>Organisasjonen forbeholder seg retten til n\u00e5r som helst \u00e5 endre innholdet p\u00e5 dette nettstedet, og kan legge til nye funksjoner, samt endre gjeldende betingelser. I s\u00e5 fall vil den tilsvarende oppdateringen bli publisert p\u00e5 nettstedet, slik at brukeren er klar over eventuelle endringer.<\/p><p>Sist oppdatert den: Februar 2025<\/p>\t\t\t\t\t\t\t\t<\/div>\n\t\t\t\t<\/div>\n\t\t\t\t\t<\/div>\n\t\t\t\t<\/div>\n\t\t\t\t<\/div>","protected":false},"excerpt":{"rendered":"<p>PRIVACY POLICY In compliance with the General Data Protection Regulation 2016\/679 of the European Parliament and of the Council (hereinafter, \u201cGDPR\u201d) and Spanish Organic Law 3\/2018, of 5 December, on the Protection of Personal Data and guarantee of digital rights, Ribera Salud Group hereby informs the user on how the personal data will be gathered [&hellip;]<\/p>\n","protected":false},"author":3,"featured_media":0,"parent":0,"menu_order":0,"comment_status":"closed","ping_status":"open","template":"","meta":{"_acf_changed":false,"footnotes":""},"class_list":["post-3","page","type-page","status-publish","hentry"],"acf":[],"yoast_head":"<!-- This site is optimized with the Yoast SEO Premium plugin v25.1 (Yoast SEO v27.3) - https:\/\/yoast.com\/product\/yoast-seo-premium-wordpress\/ -->\n<title>Privacy Policy - Ribera International<\/title>\n<meta name=\"robots\" content=\"index, follow, max-snippet:-1, max-image-preview:large, max-video-preview:-1\" \/>\n<link rel=\"canonical\" href=\"https:\/\/riberacareinternational.com\/nb\/personvernpolicy\/\" \/>\n<meta property=\"og:locale\" content=\"nb_NO\" \/>\n<meta property=\"og:type\" content=\"article\" \/>\n<meta property=\"og:title\" content=\"Privacy Policy\" \/>\n<meta property=\"og:description\" content=\"PRIVACY POLICY In compliance with the General Data Protection Regulation 2016\/679 of the European Parliament and of the Council (hereinafter, \u201cGDPR\u201d) and Spanish Organic Law 3\/2018, of 5 December, on the Protection of Personal Data and guarantee of digital rights, Ribera Salud Group hereby informs the user on how the personal data will be gathered [&hellip;]\" \/>\n<meta property=\"og:url\" content=\"https:\/\/riberacareinternational.com\/nb\/personvernpolicy\/\" \/>\n<meta property=\"og:site_name\" content=\"Ribera International\" \/>\n<meta property=\"article:modified_time\" content=\"2025-05-09T08:35:51+00:00\" \/>\n<meta property=\"og:image\" content=\"https:\/\/riberacareinternational.com\/wp-content\/uploads\/2025\/01\/hospital-ribera-cavadonga.jpg\" \/>\n\t<meta property=\"og:image:width\" content=\"340\" \/>\n\t<meta property=\"og:image:height\" content=\"214\" \/>\n\t<meta property=\"og:image:type\" content=\"image\/jpeg\" \/>\n<meta name=\"twitter:card\" content=\"summary_large_image\" \/>\n<meta name=\"twitter:label1\" content=\"Ansl. lesetid\" \/>\n\t<meta name=\"twitter:data1\" content=\"5 minutter\" \/>\n<script type=\"application\/ld+json\" class=\"yoast-schema-graph\">{\"@context\":\"https:\\\/\\\/schema.org\",\"@graph\":[{\"@type\":\"WebPage\",\"@id\":\"https:\\\/\\\/riberacareinternational.com\\\/privacy-policy\\\/\",\"url\":\"https:\\\/\\\/riberacareinternational.com\\\/privacy-policy\\\/\",\"name\":\"Privacy Policy - Ribera International\",\"isPartOf\":{\"@id\":\"https:\\\/\\\/riberacareinternational.com\\\/#website\"},\"datePublished\":\"2024-12-17T11:20:28+00:00\",\"dateModified\":\"2025-05-09T08:35:51+00:00\",\"breadcrumb\":{\"@id\":\"https:\\\/\\\/riberacareinternational.com\\\/privacy-policy\\\/#breadcrumb\"},\"inLanguage\":\"nb-NO\",\"potentialAction\":[{\"@type\":\"ReadAction\",\"target\":[\"https:\\\/\\\/riberacareinternational.com\\\/privacy-policy\\\/\"]}]},{\"@type\":\"BreadcrumbList\",\"@id\":\"https:\\\/\\\/riberacareinternational.com\\\/privacy-policy\\\/#breadcrumb\",\"itemListElement\":[{\"@type\":\"ListItem\",\"position\":1,\"name\":\"Portada\",\"item\":\"https:\\\/\\\/riberacareinternational.com\\\/\"},{\"@type\":\"ListItem\",\"position\":2,\"name\":\"Privacy Policy\"}]},{\"@type\":\"WebSite\",\"@id\":\"https:\\\/\\\/riberacareinternational.com\\\/#website\",\"url\":\"https:\\\/\\\/riberacareinternational.com\\\/\",\"name\":\"Ribera Health International Hospitals\",\"description\":\"Ribera Health Group is a leading healthcare provider in Spain, renowned for its excellence in patient care and advanced medical treatments.\",\"publisher\":{\"@id\":\"https:\\\/\\\/riberacareinternational.com\\\/#organization\"},\"potentialAction\":[{\"@type\":\"SearchAction\",\"target\":{\"@type\":\"EntryPoint\",\"urlTemplate\":\"https:\\\/\\\/riberacareinternational.com\\\/?s={search_term_string}\"},\"query-input\":{\"@type\":\"PropertyValueSpecification\",\"valueRequired\":true,\"valueName\":\"search_term_string\"}}],\"inLanguage\":\"nb-NO\"},{\"@type\":[\"Organization\",\"Place\",\"MedicalOrganization\"],\"@id\":\"https:\\\/\\\/riberacareinternational.com\\\/#organization\",\"name\":\"Ribera Health International Hospitals\",\"url\":\"https:\\\/\\\/riberacareinternational.com\\\/\",\"logo\":{\"@id\":\"https:\\\/\\\/riberacareinternational.com\\\/privacy-policy\\\/#local-main-organization-logo\"},\"image\":{\"@id\":\"https:\\\/\\\/riberacareinternational.com\\\/privacy-policy\\\/#local-main-organization-logo\"},\"telephone\":[],\"openingHoursSpecification\":[{\"@type\":\"OpeningHoursSpecification\",\"dayOfWeek\":[\"Monday\",\"Tuesday\",\"Wednesday\",\"Thursday\",\"Friday\",\"Saturday\",\"Sunday\"],\"opens\":\"09:00\",\"closes\":\"17:00\"}]},{\"@type\":\"ImageObject\",\"inLanguage\":\"nb-NO\",\"@id\":\"https:\\\/\\\/riberacareinternational.com\\\/privacy-policy\\\/#local-main-organization-logo\",\"url\":\"https:\\\/\\\/riberacareinternational.com\\\/wp-content\\\/uploads\\\/2024\\\/12\\\/Logotipo-Red-qgbhgk-1-1.png\",\"contentUrl\":\"https:\\\/\\\/riberacareinternational.com\\\/wp-content\\\/uploads\\\/2024\\\/12\\\/Logotipo-Red-qgbhgk-1-1.png\",\"width\":228,\"height\":90,\"caption\":\"Ribera Health International Hospitals\"}]}<\/script>\n<!-- \/ Yoast SEO Premium plugin. -->","yoast_head_json":{"title":"Retningslinjer for personvern - Ribera International","robots":{"index":"index","follow":"follow","max-snippet":"max-snippet:-1","max-image-preview":"max-image-preview:large","max-video-preview":"max-video-preview:-1"},"canonical":"https:\/\/riberacareinternational.com\/nb\/personvernpolicy\/","og_locale":"nb_NO","og_type":"article","og_title":"Privacy Policy","og_description":"PRIVACY POLICY In compliance with the General Data Protection Regulation 2016\/679 of the European Parliament and of the Council (hereinafter, \u201cGDPR\u201d) and Spanish Organic Law 3\/2018, of 5 December, on the Protection of Personal Data and guarantee of digital rights, Ribera Salud Group hereby informs the user on how the personal data will be gathered [&hellip;]","og_url":"https:\/\/riberacareinternational.com\/nb\/personvernpolicy\/","og_site_name":"Ribera International","article_modified_time":"2025-05-09T08:35:51+00:00","og_image":[{"width":340,"height":214,"url":"https:\/\/riberacareinternational.com\/wp-content\/uploads\/2025\/01\/hospital-ribera-cavadonga.jpg","type":"image\/jpeg"}],"twitter_card":"summary_large_image","twitter_misc":{"Ansl. lesetid":"5 minutter"},"schema":{"@context":"https:\/\/schema.org","@graph":[{"@type":"WebPage","@id":"https:\/\/riberacareinternational.com\/privacy-policy\/","url":"https:\/\/riberacareinternational.com\/privacy-policy\/","name":"Retningslinjer for personvern - Ribera International","isPartOf":{"@id":"https:\/\/riberacareinternational.com\/#website"},"datePublished":"2024-12-17T11:20:28+00:00","dateModified":"2025-05-09T08:35:51+00:00","breadcrumb":{"@id":"https:\/\/riberacareinternational.com\/privacy-policy\/#breadcrumb"},"inLanguage":"nb-NO","potentialAction":[{"@type":"ReadAction","target":["https:\/\/riberacareinternational.com\/privacy-policy\/"]}]},{"@type":"BreadcrumbList","@id":"https:\/\/riberacareinternational.com\/privacy-policy\/#breadcrumb","itemListElement":[{"@type":"ListItem","position":1,"name":"Portada","item":"https:\/\/riberacareinternational.com\/"},{"@type":"ListItem","position":2,"name":"Privacy Policy"}]},{"@type":"WebSite","@id":"https:\/\/riberacareinternational.com\/#website","url":"https:\/\/riberacareinternational.com\/","name":"Ribera Health International Sykehus","description":"Ribera Health Group er en ledende leverand\u00f8r av helsetjenester i Spania, og er kjent for sin fremragende pasientbehandling og avanserte medisinske behandling.","publisher":{"@id":"https:\/\/riberacareinternational.com\/#organization"},"potentialAction":[{"@type":"SearchAction","target":{"@type":"EntryPoint","urlTemplate":"https:\/\/riberacareinternational.com\/?s={search_term_string}"},"query-input":{"@type":"PropertyValueSpecification","valueRequired":true,"valueName":"search_term_string"}}],"inLanguage":"nb-NO"},{"@type":["Organization","Place","MedicalOrganization"],"@id":"https:\/\/riberacareinternational.com\/#organization","name":"Ribera Health International Sykehus","url":"https:\/\/riberacareinternational.com\/","logo":{"@id":"https:\/\/riberacareinternational.com\/privacy-policy\/#local-main-organization-logo"},"image":{"@id":"https:\/\/riberacareinternational.com\/privacy-policy\/#local-main-organization-logo"},"telephone":[],"openingHoursSpecification":[{"@type":"OpeningHoursSpecification","dayOfWeek":["Monday","Tuesday","Wednesday","Thursday","Friday","Saturday","Sunday"],"opens":"09:00","closes":"17:00"}]},{"@type":"ImageObject","inLanguage":"nb-NO","@id":"https:\/\/riberacareinternational.com\/privacy-policy\/#local-main-organization-logo","url":"https:\/\/riberacareinternational.com\/wp-content\/uploads\/2024\/12\/Logotipo-Red-qgbhgk-1-1.png","contentUrl":"https:\/\/riberacareinternational.com\/wp-content\/uploads\/2024\/12\/Logotipo-Red-qgbhgk-1-1.png","width":228,"height":90,"caption":"Ribera Health International Hospitals"}]}},"_links":{"self":[{"href":"https:\/\/riberacareinternational.com\/nb\/wp-json\/wp\/v2\/pages\/3","targetHints":{"allow":["GET"]}}],"collection":[{"href":"https:\/\/riberacareinternational.com\/nb\/wp-json\/wp\/v2\/pages"}],"about":[{"href":"https:\/\/riberacareinternational.com\/nb\/wp-json\/wp\/v2\/types\/page"}],"author":[{"embeddable":true,"href":"https:\/\/riberacareinternational.com\/nb\/wp-json\/wp\/v2\/users\/3"}],"replies":[{"embeddable":true,"href":"https:\/\/riberacareinternational.com\/nb\/wp-json\/wp\/v2\/comments?post=3"}],"version-history":[{"count":16,"href":"https:\/\/riberacareinternational.com\/nb\/wp-json\/wp\/v2\/pages\/3\/revisions"}],"predecessor-version":[{"id":2782,"href":"https:\/\/riberacareinternational.com\/nb\/wp-json\/wp\/v2\/pages\/3\/revisions\/2782"}],"wp:attachment":[{"href":"https:\/\/riberacareinternational.com\/nb\/wp-json\/wp\/v2\/media?parent=3"}],"curies":[{"name":"wp","href":"https:\/\/api.w.org\/{rel}","templated":true}]}}