{"id":3990,"date":"2025-10-03T07:03:20","date_gmt":"2025-10-03T07:03:20","guid":{"rendered":"https:\/\/riberacareinternational.com\/?page_id=3990"},"modified":"2025-10-03T07:03:20","modified_gmt":"2025-10-03T07:03:20","slug":"ophthalmology-thank-you-page","status":"publish","type":"page","link":"https:\/\/riberacareinternational.com\/nb\/ophthalmology-thank-you-page\/","title":{"rendered":"Takkeside for oftalmologi"},"content":{"rendered":"<div data-elementor-type=\"wp-page\" data-elementor-id=\"3990\" class=\"elementor elementor-3990\" data-elementor-post-type=\"page\">\n\t\t\t\t<div class=\"elementor-element elementor-element-cd1c35f e-con-full e-flex e-con e-child\" data-id=\"cd1c35f\" data-element_type=\"container\" data-e-type=\"container\">\n\t\t\t\t<div class=\"elementor-element elementor-element-7a2c0f8 elementor-widget elementor-widget-image\" data-id=\"7a2c0f8\" data-element_type=\"widget\" data-e-type=\"widget\" data-widget_type=\"image.default\">\n\t\t\t\t<div class=\"elementor-widget-container\">\n\t\t\t\t\t\t\t\t\t\t\t\t\t\t\t<img decoding=\"async\" width=\"115\" height=\"109\" src=\"https:\/\/riberacareinternational.com\/wp-content\/uploads\/2025\/01\/checkbox-with-circle.png\" class=\"attachment-large size-large wp-image-643\" alt=\"\" \/>\t\t\t\t\t\t\t\t\t\t\t\t\t\t\t<\/div>\n\t\t\t\t<\/div>\n\t\t\t\t<div class=\"elementor-element elementor-element-3ec89a6 elementor-widget-mobile__width-initial elementor-widget elementor-widget-heading\" data-id=\"3ec89a6\" data-element_type=\"widget\" data-e-type=\"widget\" data-widget_type=\"heading.default\">\n\t\t\t\t<div class=\"elementor-widget-container\">\n\t\t\t\t\t<h2 class=\"elementor-heading-title elementor-size-default\">Takk for at du tok kontakt med Ribera Health Group.<\/h2>\t\t\t\t<\/div>\n\t\t\t\t<\/div>\n\t\t\t\t<div class=\"elementor-element elementor-element-62a2364 elementor-widget__width-initial elementor-widget elementor-widget-text-editor\" data-id=\"62a2364\" data-element_type=\"widget\" data-e-type=\"widget\" data-widget_type=\"text-editor.default\">\n\t\t\t\t<div class=\"elementor-widget-container\">\n\t\t\t\t\t\t\t\t\t<p>Noen fra teamet v\u00e5rt vil kontakte deg innen kort tid. I mellomtiden, ikke glem \u00e5 ta en titt p\u00e5 hvordan vi kan hjelpe deg p\u00e5 <a href=\"https:\/\/riberacareinternational.com\/nb\/planlegg-ditt-besok\/\">planlegge bes\u00f8ket ditt<\/a>.<\/p>\t\t\t\t\t\t\t\t<\/div>\n\t\t\t\t<\/div>\n\t\t\t\t<\/div>\n\t\t\t\t<\/div>","protected":false},"excerpt":{"rendered":"<p>Takk for at du kontaktet Ribera Health Group. Noen fra teamet v\u00e5rt vil kontakte deg innen kort tid. I mellomtiden kan du ta en titt p\u00e5 hvordan vi kan hjelpe deg med \u00e5 planlegge bes\u00f8ket ditt.<\/p>","protected":false},"author":3,"featured_media":0,"parent":0,"menu_order":0,"comment_status":"closed","ping_status":"closed","template":"","meta":{"_acf_changed":false,"footnotes":""},"class_list":["post-3990","page","type-page","status-publish","hentry"],"acf":[],"yoast_head":"<!-- This site is optimized with the Yoast SEO Premium plugin v25.1 (Yoast SEO v27.3) - https:\/\/yoast.com\/product\/yoast-seo-premium-wordpress\/ -->\n<title>Ophthalmology thank you page - Ribera International<\/title>\n<meta name=\"robots\" content=\"index, follow, max-snippet:-1, max-image-preview:large, max-video-preview:-1\" \/>\n<link rel=\"canonical\" href=\"https:\/\/riberacareinternational.com\/nb\/ophthalmology-thank-you-page\/\" \/>\n<meta property=\"og:locale\" content=\"nb_NO\" \/>\n<meta property=\"og:type\" content=\"article\" \/>\n<meta property=\"og:title\" content=\"Ophthalmology thank you page\" \/>\n<meta property=\"og:description\" content=\"Thank you for contacting Ribera Health Group. Someone from our team will get back to you shortly. In the meantime, don\u2019t forget to take a look at how we can help you on planning your visit.\" \/>\n<meta property=\"og:url\" content=\"https:\/\/riberacareinternational.com\/nb\/ophthalmology-thank-you-page\/\" \/>\n<meta property=\"og:site_name\" content=\"Ribera International\" \/>\n<meta property=\"og:image\" content=\"https:\/\/riberacareinternational.com\/wp-content\/uploads\/2025\/01\/checkbox-with-circle.png\" \/>\n\t<meta property=\"og:image:width\" content=\"115\" \/>\n\t<meta property=\"og:image:height\" content=\"109\" \/>\n\t<meta property=\"og:image:type\" content=\"image\/png\" \/>\n<meta name=\"twitter:card\" content=\"summary_large_image\" \/>\n<script type=\"application\/ld+json\" class=\"yoast-schema-graph\">{\"@context\":\"https:\\\/\\\/schema.org\",\"@graph\":[{\"@type\":\"WebPage\",\"@id\":\"https:\\\/\\\/riberacareinternational.com\\\/ophthalmology-thank-you-page\\\/\",\"url\":\"https:\\\/\\\/riberacareinternational.com\\\/ophthalmology-thank-you-page\\\/\",\"name\":\"Ophthalmology thank you page - Ribera International\",\"isPartOf\":{\"@id\":\"https:\\\/\\\/riberacareinternational.com\\\/#website\"},\"primaryImageOfPage\":{\"@id\":\"https:\\\/\\\/riberacareinternational.com\\\/ophthalmology-thank-you-page\\\/#primaryimage\"},\"image\":{\"@id\":\"https:\\\/\\\/riberacareinternational.com\\\/ophthalmology-thank-you-page\\\/#primaryimage\"},\"thumbnailUrl\":\"https:\\\/\\\/riberacareinternational.com\\\/wp-content\\\/uploads\\\/2025\\\/01\\\/checkbox-with-circle.png\",\"datePublished\":\"2025-10-03T07:03:20+00:00\",\"breadcrumb\":{\"@id\":\"https:\\\/\\\/riberacareinternational.com\\\/ophthalmology-thank-you-page\\\/#breadcrumb\"},\"inLanguage\":\"nb-NO\",\"potentialAction\":[{\"@type\":\"ReadAction\",\"target\":[\"https:\\\/\\\/riberacareinternational.com\\\/ophthalmology-thank-you-page\\\/\"]}]},{\"@type\":\"ImageObject\",\"inLanguage\":\"nb-NO\",\"@id\":\"https:\\\/\\\/riberacareinternational.com\\\/ophthalmology-thank-you-page\\\/#primaryimage\",\"url\":\"https:\\\/\\\/riberacareinternational.com\\\/wp-content\\\/uploads\\\/2025\\\/01\\\/checkbox-with-circle.png\",\"contentUrl\":\"https:\\\/\\\/riberacareinternational.com\\\/wp-content\\\/uploads\\\/2025\\\/01\\\/checkbox-with-circle.png\"},{\"@type\":\"BreadcrumbList\",\"@id\":\"https:\\\/\\\/riberacareinternational.com\\\/ophthalmology-thank-you-page\\\/#breadcrumb\",\"itemListElement\":[{\"@type\":\"ListItem\",\"position\":1,\"name\":\"Portada\",\"item\":\"https:\\\/\\\/riberacareinternational.com\\\/\"},{\"@type\":\"ListItem\",\"position\":2,\"name\":\"Ophthalmology thank you page\"}]},{\"@type\":\"WebSite\",\"@id\":\"https:\\\/\\\/riberacareinternational.com\\\/#website\",\"url\":\"https:\\\/\\\/riberacareinternational.com\\\/\",\"name\":\"Ribera Health International Hospitals\",\"description\":\"Ribera Health Group is a leading healthcare provider in Spain, renowned for its excellence in patient care and advanced medical treatments.\",\"publisher\":{\"@id\":\"https:\\\/\\\/riberacareinternational.com\\\/#organization\"},\"potentialAction\":[{\"@type\":\"SearchAction\",\"target\":{\"@type\":\"EntryPoint\",\"urlTemplate\":\"https:\\\/\\\/riberacareinternational.com\\\/?s={search_term_string}\"},\"query-input\":{\"@type\":\"PropertyValueSpecification\",\"valueRequired\":true,\"valueName\":\"search_term_string\"}}],\"inLanguage\":\"nb-NO\"},{\"@type\":[\"Organization\",\"Place\",\"MedicalOrganization\"],\"@id\":\"https:\\\/\\\/riberacareinternational.com\\\/#organization\",\"name\":\"Ribera Health International Hospitals\",\"url\":\"https:\\\/\\\/riberacareinternational.com\\\/\",\"logo\":{\"@id\":\"https:\\\/\\\/riberacareinternational.com\\\/ophthalmology-thank-you-page\\\/#local-main-organization-logo\"},\"image\":{\"@id\":\"https:\\\/\\\/riberacareinternational.com\\\/ophthalmology-thank-you-page\\\/#local-main-organization-logo\"},\"telephone\":[],\"openingHoursSpecification\":[{\"@type\":\"OpeningHoursSpecification\",\"dayOfWeek\":[\"Monday\",\"Tuesday\",\"Wednesday\",\"Thursday\",\"Friday\",\"Saturday\",\"Sunday\"],\"opens\":\"09:00\",\"closes\":\"17:00\"}]},{\"@type\":\"ImageObject\",\"inLanguage\":\"nb-NO\",\"@id\":\"https:\\\/\\\/riberacareinternational.com\\\/ophthalmology-thank-you-page\\\/#local-main-organization-logo\",\"url\":\"https:\\\/\\\/riberacareinternational.com\\\/wp-content\\\/uploads\\\/2024\\\/12\\\/Logotipo-Red-qgbhgk-1-1.png\",\"contentUrl\":\"https:\\\/\\\/riberacareinternational.com\\\/wp-content\\\/uploads\\\/2024\\\/12\\\/Logotipo-Red-qgbhgk-1-1.png\",\"width\":228,\"height\":90,\"caption\":\"Ribera Health International Hospitals\"}]}<\/script>\n<!-- \/ Yoast SEO Premium plugin. -->","yoast_head_json":{"title":"Takk-siden for oftalmologi - Ribera International","robots":{"index":"index","follow":"follow","max-snippet":"max-snippet:-1","max-image-preview":"max-image-preview:large","max-video-preview":"max-video-preview:-1"},"canonical":"https:\/\/riberacareinternational.com\/nb\/ophthalmology-thank-you-page\/","og_locale":"nb_NO","og_type":"article","og_title":"Ophthalmology thank you page","og_description":"Thank you for contacting Ribera Health Group. Someone from our team will get back to you shortly. In the meantime, don\u2019t forget to take a look at how we can help you on planning your visit.","og_url":"https:\/\/riberacareinternational.com\/nb\/ophthalmology-thank-you-page\/","og_site_name":"Ribera International","og_image":[{"width":115,"height":109,"url":"https:\/\/riberacareinternational.com\/wp-content\/uploads\/2025\/01\/checkbox-with-circle.png","type":"image\/png"}],"twitter_card":"summary_large_image","schema":{"@context":"https:\/\/schema.org","@graph":[{"@type":"WebPage","@id":"https:\/\/riberacareinternational.com\/ophthalmology-thank-you-page\/","url":"https:\/\/riberacareinternational.com\/ophthalmology-thank-you-page\/","name":"Takk-siden for oftalmologi - Ribera International","isPartOf":{"@id":"https:\/\/riberacareinternational.com\/#website"},"primaryImageOfPage":{"@id":"https:\/\/riberacareinternational.com\/ophthalmology-thank-you-page\/#primaryimage"},"image":{"@id":"https:\/\/riberacareinternational.com\/ophthalmology-thank-you-page\/#primaryimage"},"thumbnailUrl":"https:\/\/riberacareinternational.com\/wp-content\/uploads\/2025\/01\/checkbox-with-circle.png","datePublished":"2025-10-03T07:03:20+00:00","breadcrumb":{"@id":"https:\/\/riberacareinternational.com\/ophthalmology-thank-you-page\/#breadcrumb"},"inLanguage":"nb-NO","potentialAction":[{"@type":"ReadAction","target":["https:\/\/riberacareinternational.com\/ophthalmology-thank-you-page\/"]}]},{"@type":"ImageObject","inLanguage":"nb-NO","@id":"https:\/\/riberacareinternational.com\/ophthalmology-thank-you-page\/#primaryimage","url":"https:\/\/riberacareinternational.com\/wp-content\/uploads\/2025\/01\/checkbox-with-circle.png","contentUrl":"https:\/\/riberacareinternational.com\/wp-content\/uploads\/2025\/01\/checkbox-with-circle.png"},{"@type":"BreadcrumbList","@id":"https:\/\/riberacareinternational.com\/ophthalmology-thank-you-page\/#breadcrumb","itemListElement":[{"@type":"ListItem","position":1,"name":"Portada","item":"https:\/\/riberacareinternational.com\/"},{"@type":"ListItem","position":2,"name":"Ophthalmology thank you page"}]},{"@type":"WebSite","@id":"https:\/\/riberacareinternational.com\/#website","url":"https:\/\/riberacareinternational.com\/","name":"Ribera Health International Sykehus","description":"Ribera Health Group er en ledende leverand\u00f8r av helsetjenester i Spania, og er kjent for sin fremragende pasientbehandling og avanserte medisinske behandling.","publisher":{"@id":"https:\/\/riberacareinternational.com\/#organization"},"potentialAction":[{"@type":"SearchAction","target":{"@type":"EntryPoint","urlTemplate":"https:\/\/riberacareinternational.com\/?s={search_term_string}"},"query-input":{"@type":"PropertyValueSpecification","valueRequired":true,"valueName":"search_term_string"}}],"inLanguage":"nb-NO"},{"@type":["Organization","Place","MedicalOrganization"],"@id":"https:\/\/riberacareinternational.com\/#organization","name":"Ribera Health International Sykehus","url":"https:\/\/riberacareinternational.com\/","logo":{"@id":"https:\/\/riberacareinternational.com\/ophthalmology-thank-you-page\/#local-main-organization-logo"},"image":{"@id":"https:\/\/riberacareinternational.com\/ophthalmology-thank-you-page\/#local-main-organization-logo"},"telephone":[],"openingHoursSpecification":[{"@type":"OpeningHoursSpecification","dayOfWeek":["Monday","Tuesday","Wednesday","Thursday","Friday","Saturday","Sunday"],"opens":"09:00","closes":"17:00"}]},{"@type":"ImageObject","inLanguage":"nb-NO","@id":"https:\/\/riberacareinternational.com\/ophthalmology-thank-you-page\/#local-main-organization-logo","url":"https:\/\/riberacareinternational.com\/wp-content\/uploads\/2024\/12\/Logotipo-Red-qgbhgk-1-1.png","contentUrl":"https:\/\/riberacareinternational.com\/wp-content\/uploads\/2024\/12\/Logotipo-Red-qgbhgk-1-1.png","width":228,"height":90,"caption":"Ribera Health International Hospitals"}]}},"_links":{"self":[{"href":"https:\/\/riberacareinternational.com\/nb\/wp-json\/wp\/v2\/pages\/3990","targetHints":{"allow":["GET"]}}],"collection":[{"href":"https:\/\/riberacareinternational.com\/nb\/wp-json\/wp\/v2\/pages"}],"about":[{"href":"https:\/\/riberacareinternational.com\/nb\/wp-json\/wp\/v2\/types\/page"}],"author":[{"embeddable":true,"href":"https:\/\/riberacareinternational.com\/nb\/wp-json\/wp\/v2\/users\/3"}],"replies":[{"embeddable":true,"href":"https:\/\/riberacareinternational.com\/nb\/wp-json\/wp\/v2\/comments?post=3990"}],"version-history":[{"count":1,"href":"https:\/\/riberacareinternational.com\/nb\/wp-json\/wp\/v2\/pages\/3990\/revisions"}],"predecessor-version":[{"id":3991,"href":"https:\/\/riberacareinternational.com\/nb\/wp-json\/wp\/v2\/pages\/3990\/revisions\/3991"}],"wp:attachment":[{"href":"https:\/\/riberacareinternational.com\/nb\/wp-json\/wp\/v2\/media?parent=3990"}],"curies":[{"name":"wp","href":"https:\/\/api.w.org\/{rel}","templated":true}]}}