{"id":1459,"date":"2025-02-12T12:19:58","date_gmt":"2025-02-12T12:19:58","guid":{"rendered":"https:\/\/riberacareinternational.com\/?page_id=1459"},"modified":"2025-02-12T12:19:59","modified_gmt":"2025-02-12T12:19:59","slug":"thank-you-for-filling-out-the-second-opinion-form","status":"publish","type":"page","link":"https:\/\/riberacareinternational.com\/ro\/thank-you-for-filling-out-the-second-opinion-form\/","title":{"rendered":"V\u0103 mul\u021bumim pentru completarea formularului pentru o a doua opinie."},"content":{"rendered":"<div data-elementor-type=\"wp-page\" data-elementor-id=\"1459\" class=\"elementor elementor-1459\" data-elementor-post-type=\"page\">\n\t\t\t\t<div class=\"elementor-element elementor-element-67e4a07 e-flex e-con-boxed e-con e-parent\" data-id=\"67e4a07\" data-element_type=\"container\" data-e-type=\"container\">\n\t\t\t\t\t<div class=\"e-con-inner\">\n\t\t<div class=\"elementor-element elementor-element-9e53ca4 e-con-full e-flex e-con e-child\" data-id=\"9e53ca4\" data-element_type=\"container\" data-e-type=\"container\">\n\t\t\t\t<div class=\"elementor-element elementor-element-e980882 elementor-widget-mobile__width-initial elementor-absolute elementor-widget elementor-widget-image\" data-id=\"e980882\" data-element_type=\"widget\" data-e-type=\"widget\" data-settings=\"{&quot;_position&quot;:&quot;absolute&quot;}\" data-widget_type=\"image.default\">\n\t\t\t\t<div class=\"elementor-widget-container\">\n\t\t\t\t\t\t\t\t\t\t\t\t\t\t\t<img decoding=\"async\" src=\"https:\/\/riberacareinternational.com\/wp-content\/uploads\/elementor\/thumbs\/one-in-circle-r0715rr7f003zo6gtm6ggul89ggdnxrs29j7h1mv18.png\" title=\"unul \u00een cerc\" alt=\"unul \u00een cerc\" loading=\"lazy\" \/>\t\t\t\t\t\t\t\t\t\t\t\t\t\t\t<\/div>\n\t\t\t\t<\/div>\n\t\t\t\t<div class=\"elementor-element elementor-element-281ef4a elementor-widget elementor-widget-image\" data-id=\"281ef4a\" data-element_type=\"widget\" data-e-type=\"widget\" data-widget_type=\"image.default\">\n\t\t\t\t<div class=\"elementor-widget-container\">\n\t\t\t\t\t\t\t\t\t\t\t\t\t\t\t<img decoding=\"async\" width=\"115\" height=\"109\" src=\"https:\/\/riberacareinternational.com\/wp-content\/uploads\/2025\/01\/checkbox-with-circle.png\" class=\"attachment-large size-large wp-image-643\" alt=\"\" \/>\t\t\t\t\t\t\t\t\t\t\t\t\t\t\t<\/div>\n\t\t\t\t<\/div>\n\t\t\t\t<div class=\"elementor-element elementor-element-de690b5 elementor-widget-mobile__width-initial elementor-widget elementor-widget-heading\" data-id=\"de690b5\" data-element_type=\"widget\" data-e-type=\"widget\" data-widget_type=\"heading.default\">\n\t\t\t\t<div class=\"elementor-widget-container\">\n\t\t\t\t\t<h2 class=\"elementor-heading-title elementor-size-default\">V\u0103 mul\u021bumim pentru completarea formularului.<\/h2>\t\t\t\t<\/div>\n\t\t\t\t<\/div>\n\t\t\t\t<div class=\"elementor-element elementor-element-d2c7f9c elementor-widget__width-initial elementor-widget elementor-widget-text-editor\" data-id=\"d2c7f9c\" data-element_type=\"widget\" data-e-type=\"widget\" data-widget_type=\"text-editor.default\">\n\t\t\t\t<div class=\"elementor-widget-container\">\n\t\t\t\t\t\t\t\t\t<p>V\u0103 rug\u0103m s\u0103 verifica\u021bi c\u0103su\u021ba po\u0219tal\u0103 pentru un e-mail de confirmare. A\u0219tept\u0103m cu ner\u0103bdare s\u0103 v\u0103 trimitem planul de tratament la Ribera, adaptat special nevoilor dumneavoastr\u0103 medicale.<br \/><br \/>\u00centre timp, afla\u021bi mai multe despre <a href=\"https:\/\/riberacareinternational.com\/ro\/planificarea-vizitei\/\">planificarea vizitei dumneavoastr\u0103<\/a> sau <a href=\"https:\/\/riberacareinternational.com\/ro\/contactati-ne\/\">contacta\u021bi-ne<\/a> pentru orice \u00eentreb\u0103ri pe care le-a\u021bi putea avea.<\/p>\t\t\t\t\t\t\t\t<\/div>\n\t\t\t\t<\/div>\n\t\t\t\t<\/div>\n\t\t<div class=\"elementor-element elementor-element-9abaf46 e-con-full e-flex e-con e-child\" data-id=\"9abaf46\" data-element_type=\"container\" data-e-type=\"container\">\n\t\t\t\t<div class=\"elementor-element elementor-element-2869a39 elementor-widget-mobile__width-initial elementor-absolute elementor-widget elementor-widget-image\" data-id=\"2869a39\" data-element_type=\"widget\" data-e-type=\"widget\" data-settings=\"{&quot;_position&quot;:&quot;absolute&quot;}\" data-widget_type=\"image.default\">\n\t\t\t\t<div class=\"elementor-widget-container\">\n\t\t\t\t\t\t\t\t\t\t\t\t\t\t\t<img decoding=\"async\" src=\"https:\/\/riberacareinternational.com\/wp-content\/uploads\/elementor\/thumbs\/two-in-circle-r073rnuu38j7pfsok78vj5msf1oajiijmzh982f5ie.png\" title=\"dou\u0103 \u00een cerc\" alt=\"dou\u0103 \u00een cerc\" loading=\"lazy\" \/>\t\t\t\t\t\t\t\t\t\t\t\t\t\t\t<\/div>\n\t\t\t\t<\/div>\n\t\t\t\t<div class=\"elementor-element elementor-element-3240a10 elementor-widget__width-initial elementor-widget elementor-widget-heading\" data-id=\"3240a10\" data-element_type=\"widget\" data-e-type=\"widget\" data-widget_type=\"heading.default\">\n\t\t\t\t<div class=\"elementor-widget-container\">\n\t\t\t\t\t<h2 class=\"elementor-heading-title elementor-size-default\">Unul dintre membrii echipei noastre v\u0103 va suna<\/h2>\t\t\t\t<\/div>\n\t\t\t\t<\/div>\n\t\t\t\t<div class=\"elementor-element elementor-element-a6aa977 elementor-widget elementor-widget-image\" data-id=\"a6aa977\" data-element_type=\"widget\" data-e-type=\"widget\" data-widget_type=\"image.default\">\n\t\t\t\t<div class=\"elementor-widget-container\">\n\t\t\t\t\t\t\t\t\t\t\t\t\t\t\t<img decoding=\"async\" width=\"248\" height=\"163\" src=\"https:\/\/riberacareinternational.com\/wp-content\/uploads\/2025\/01\/our-team-member-will-give-you-a-call-ribera.jpg\" class=\"attachment-large size-large wp-image-626\" alt=\"\" \/>\t\t\t\t\t\t\t\t\t\t\t\t\t\t\t<\/div>\n\t\t\t\t<\/div>\n\t\t\t\t<\/div>\n\t\t<div class=\"elementor-element elementor-element-d0f2508 e-con-full e-flex e-con e-child\" data-id=\"d0f2508\" data-element_type=\"container\" data-e-type=\"container\">\n\t\t\t\t<div class=\"elementor-element elementor-element-0e2838f elementor-widget-mobile__width-initial elementor-absolute elementor-widget elementor-widget-image\" data-id=\"0e2838f\" data-element_type=\"widget\" data-e-type=\"widget\" data-settings=\"{&quot;_position&quot;:&quot;absolute&quot;}\" data-widget_type=\"image.default\">\n\t\t\t\t<div class=\"elementor-widget-container\">\n\t\t\t\t\t\t\t\t\t\t\t\t\t\t\t<img decoding=\"async\" src=\"https:\/\/riberacareinternational.com\/wp-content\/uploads\/elementor\/thumbs\/tree-in-circle-r0740ii4g2nf18xtvizeif81so1q0wnjusmuwvaox2.png\" title=\"copac \u00een cerc\" alt=\"copac \u00een cerc\" loading=\"lazy\" \/>\t\t\t\t\t\t\t\t\t\t\t\t\t\t\t<\/div>\n\t\t\t\t<\/div>\n\t\t\t\t<div class=\"elementor-element elementor-element-4b7aed2 elementor-widget__width-initial elementor-widget elementor-widget-heading\" data-id=\"4b7aed2\" data-element_type=\"widget\" data-e-type=\"widget\" data-widget_type=\"heading.default\">\n\t\t\t\t<div class=\"elementor-widget-container\">\n\t\t\t\t\t<h2 class=\"elementor-heading-title elementor-size-default\">Primi\u021bi un plan de tratament personalizat \u00een e-mail<\/h2>\t\t\t\t<\/div>\n\t\t\t\t<\/div>\n\t\t\t\t<div class=\"elementor-element elementor-element-35085ce elementor-widget elementor-widget-image\" data-id=\"35085ce\" data-element_type=\"widget\" data-e-type=\"widget\" data-widget_type=\"image.default\">\n\t\t\t\t<div class=\"elementor-widget-container\">\n\t\t\t\t\t\t\t\t\t\t\t\t\t\t\t<img decoding=\"async\" width=\"249\" height=\"163\" src=\"https:\/\/riberacareinternational.com\/wp-content\/uploads\/2025\/01\/recieve-a-personalized-treatment-plan-in-your-email.jpg\" class=\"attachment-large size-large wp-image-627\" alt=\"\" \/>\t\t\t\t\t\t\t\t\t\t\t\t\t\t\t<\/div>\n\t\t\t\t<\/div>\n\t\t\t\t<\/div>\n\t\t\t\t\t<\/div>\n\t\t\t\t<\/div>\n\t\t\t\t<\/div>","protected":false},"excerpt":{"rendered":"<p>treatment plan Thank you for filling out the form. Please check your inbox for a confirmation email. We look forward to sending your treatment plan at Ribera especially tailored to your medical needs. In the meantime, learn more about planning your visit or contact us for any inquiries you might have. One of our team [&hellip;]<\/p>\n","protected":false},"author":3,"featured_media":0,"parent":0,"menu_order":0,"comment_status":"closed","ping_status":"closed","template":"","meta":{"_acf_changed":false,"footnotes":""},"class_list":["post-1459","page","type-page","status-publish","hentry"],"acf":[],"yoast_head":"<!-- This site is optimized with the Yoast SEO Premium plugin v25.1 (Yoast SEO v27.3) - https:\/\/yoast.com\/product\/yoast-seo-premium-wordpress\/ -->\n<title>Thank you for filling out the second opinion form - Ribera International<\/title>\n<meta name=\"robots\" content=\"index, follow, max-snippet:-1, max-image-preview:large, max-video-preview:-1\" \/>\n<link rel=\"canonical\" href=\"https:\/\/riberacareinternational.com\/ro\/thank-you-for-filling-out-the-second-opinion-form\/\" \/>\n<meta property=\"og:locale\" content=\"ro_RO\" \/>\n<meta property=\"og:type\" content=\"article\" \/>\n<meta property=\"og:title\" content=\"Thank you for filling out the second opinion form\" \/>\n<meta property=\"og:description\" content=\"treatment plan Thank you for filling out the form. Please check your inbox for a confirmation email. We look forward to sending your treatment plan at Ribera especially tailored to your medical needs. In the meantime, learn more about planning your visit or contact us for any inquiries you might have. One of our team [&hellip;]\" \/>\n<meta property=\"og:url\" content=\"https:\/\/riberacareinternational.com\/ro\/thank-you-for-filling-out-the-second-opinion-form\/\" \/>\n<meta property=\"og:site_name\" content=\"Ribera International\" \/>\n<meta property=\"article:modified_time\" content=\"2025-02-12T12:19:59+00:00\" \/>\n<meta property=\"og:image\" content=\"https:\/\/riberacareinternational.com\/wp-content\/uploads\/2025\/01\/one-in-circle.png\" \/>\n<meta name=\"twitter:card\" content=\"summary_large_image\" \/>\n<meta name=\"twitter:label1\" content=\"Timp estimat pentru citire\" \/>\n\t<meta name=\"twitter:data1\" content=\"2 minute\" \/>\n<script type=\"application\/ld+json\" class=\"yoast-schema-graph\">{\"@context\":\"https:\\\/\\\/schema.org\",\"@graph\":[{\"@type\":\"WebPage\",\"@id\":\"https:\\\/\\\/riberacareinternational.com\\\/thank-you-for-filling-out-the-second-opinion-form\\\/\",\"url\":\"https:\\\/\\\/riberacareinternational.com\\\/thank-you-for-filling-out-the-second-opinion-form\\\/\",\"name\":\"Thank you for filling out the second opinion form - Ribera International\",\"isPartOf\":{\"@id\":\"https:\\\/\\\/riberacareinternational.com\\\/#website\"},\"primaryImageOfPage\":{\"@id\":\"https:\\\/\\\/riberacareinternational.com\\\/thank-you-for-filling-out-the-second-opinion-form\\\/#primaryimage\"},\"image\":{\"@id\":\"https:\\\/\\\/riberacareinternational.com\\\/thank-you-for-filling-out-the-second-opinion-form\\\/#primaryimage\"},\"thumbnailUrl\":\"https:\\\/\\\/riberacareinternational.com\\\/wp-content\\\/uploads\\\/2025\\\/01\\\/one-in-circle.png\",\"datePublished\":\"2025-02-12T12:19:58+00:00\",\"dateModified\":\"2025-02-12T12:19:59+00:00\",\"breadcrumb\":{\"@id\":\"https:\\\/\\\/riberacareinternational.com\\\/thank-you-for-filling-out-the-second-opinion-form\\\/#breadcrumb\"},\"inLanguage\":\"ro-RO\",\"potentialAction\":[{\"@type\":\"ReadAction\",\"target\":[\"https:\\\/\\\/riberacareinternational.com\\\/thank-you-for-filling-out-the-second-opinion-form\\\/\"]}]},{\"@type\":\"ImageObject\",\"inLanguage\":\"ro-RO\",\"@id\":\"https:\\\/\\\/riberacareinternational.com\\\/thank-you-for-filling-out-the-second-opinion-form\\\/#primaryimage\",\"url\":\"https:\\\/\\\/riberacareinternational.com\\\/wp-content\\\/uploads\\\/2025\\\/01\\\/one-in-circle.png\",\"contentUrl\":\"https:\\\/\\\/riberacareinternational.com\\\/wp-content\\\/uploads\\\/2025\\\/01\\\/one-in-circle.png\"},{\"@type\":\"BreadcrumbList\",\"@id\":\"https:\\\/\\\/riberacareinternational.com\\\/thank-you-for-filling-out-the-second-opinion-form\\\/#breadcrumb\",\"itemListElement\":[{\"@type\":\"ListItem\",\"position\":1,\"name\":\"Portada\",\"item\":\"https:\\\/\\\/riberacareinternational.com\\\/\"},{\"@type\":\"ListItem\",\"position\":2,\"name\":\"Thank you for filling out the second opinion form\"}]},{\"@type\":\"WebSite\",\"@id\":\"https:\\\/\\\/riberacareinternational.com\\\/#website\",\"url\":\"https:\\\/\\\/riberacareinternational.com\\\/\",\"name\":\"Ribera Health International Hospitals\",\"description\":\"Ribera Health Group is a leading healthcare provider in Spain, renowned for its excellence in patient care and advanced medical treatments.\",\"publisher\":{\"@id\":\"https:\\\/\\\/riberacareinternational.com\\\/#organization\"},\"potentialAction\":[{\"@type\":\"SearchAction\",\"target\":{\"@type\":\"EntryPoint\",\"urlTemplate\":\"https:\\\/\\\/riberacareinternational.com\\\/?s={search_term_string}\"},\"query-input\":{\"@type\":\"PropertyValueSpecification\",\"valueRequired\":true,\"valueName\":\"search_term_string\"}}],\"inLanguage\":\"ro-RO\"},{\"@type\":[\"Organization\",\"Place\",\"MedicalOrganization\"],\"@id\":\"https:\\\/\\\/riberacareinternational.com\\\/#organization\",\"name\":\"Ribera Health International Hospitals\",\"url\":\"https:\\\/\\\/riberacareinternational.com\\\/\",\"logo\":{\"@id\":\"https:\\\/\\\/riberacareinternational.com\\\/thank-you-for-filling-out-the-second-opinion-form\\\/#local-main-organization-logo\"},\"image\":{\"@id\":\"https:\\\/\\\/riberacareinternational.com\\\/thank-you-for-filling-out-the-second-opinion-form\\\/#local-main-organization-logo\"},\"telephone\":[],\"openingHoursSpecification\":[{\"@type\":\"OpeningHoursSpecification\",\"dayOfWeek\":[\"Monday\",\"Tuesday\",\"Wednesday\",\"Thursday\",\"Friday\",\"Saturday\",\"Sunday\"],\"opens\":\"09:00\",\"closes\":\"17:00\"}]},{\"@type\":\"ImageObject\",\"inLanguage\":\"ro-RO\",\"@id\":\"https:\\\/\\\/riberacareinternational.com\\\/thank-you-for-filling-out-the-second-opinion-form\\\/#local-main-organization-logo\",\"url\":\"https:\\\/\\\/riberacareinternational.com\\\/wp-content\\\/uploads\\\/2024\\\/12\\\/Logotipo-Red-qgbhgk-1-1.png\",\"contentUrl\":\"https:\\\/\\\/riberacareinternational.com\\\/wp-content\\\/uploads\\\/2024\\\/12\\\/Logotipo-Red-qgbhgk-1-1.png\",\"width\":228,\"height\":90,\"caption\":\"Ribera Health International Hospitals\"}]}<\/script>\n<!-- \/ Yoast SEO Premium plugin. -->","yoast_head_json":{"title":"V\u0103 mul\u021bumim pentru completarea formularului pentru o a doua opinie - Ribera International","robots":{"index":"index","follow":"follow","max-snippet":"max-snippet:-1","max-image-preview":"max-image-preview:large","max-video-preview":"max-video-preview:-1"},"canonical":"https:\/\/riberacareinternational.com\/ro\/thank-you-for-filling-out-the-second-opinion-form\/","og_locale":"ro_RO","og_type":"article","og_title":"Thank you for filling out the second opinion form","og_description":"treatment plan Thank you for filling out the form. Please check your inbox for a confirmation email. We look forward to sending your treatment plan at Ribera especially tailored to your medical needs. In the meantime, learn more about planning your visit or contact us for any inquiries you might have. One of our team [&hellip;]","og_url":"https:\/\/riberacareinternational.com\/ro\/thank-you-for-filling-out-the-second-opinion-form\/","og_site_name":"Ribera International","article_modified_time":"2025-02-12T12:19:59+00:00","og_image":[{"url":"https:\/\/riberacareinternational.com\/wp-content\/uploads\/2025\/01\/one-in-circle.png","type":"","width":"","height":""}],"twitter_card":"summary_large_image","twitter_misc":{"Timp estimat pentru citire":"2 minute"},"schema":{"@context":"https:\/\/schema.org","@graph":[{"@type":"WebPage","@id":"https:\/\/riberacareinternational.com\/thank-you-for-filling-out-the-second-opinion-form\/","url":"https:\/\/riberacareinternational.com\/thank-you-for-filling-out-the-second-opinion-form\/","name":"V\u0103 mul\u021bumim pentru completarea formularului pentru o a doua opinie - Ribera International","isPartOf":{"@id":"https:\/\/riberacareinternational.com\/#website"},"primaryImageOfPage":{"@id":"https:\/\/riberacareinternational.com\/thank-you-for-filling-out-the-second-opinion-form\/#primaryimage"},"image":{"@id":"https:\/\/riberacareinternational.com\/thank-you-for-filling-out-the-second-opinion-form\/#primaryimage"},"thumbnailUrl":"https:\/\/riberacareinternational.com\/wp-content\/uploads\/2025\/01\/one-in-circle.png","datePublished":"2025-02-12T12:19:58+00:00","dateModified":"2025-02-12T12:19:59+00:00","breadcrumb":{"@id":"https:\/\/riberacareinternational.com\/thank-you-for-filling-out-the-second-opinion-form\/#breadcrumb"},"inLanguage":"ro-RO","potentialAction":[{"@type":"ReadAction","target":["https:\/\/riberacareinternational.com\/thank-you-for-filling-out-the-second-opinion-form\/"]}]},{"@type":"ImageObject","inLanguage":"ro-RO","@id":"https:\/\/riberacareinternational.com\/thank-you-for-filling-out-the-second-opinion-form\/#primaryimage","url":"https:\/\/riberacareinternational.com\/wp-content\/uploads\/2025\/01\/one-in-circle.png","contentUrl":"https:\/\/riberacareinternational.com\/wp-content\/uploads\/2025\/01\/one-in-circle.png"},{"@type":"BreadcrumbList","@id":"https:\/\/riberacareinternational.com\/thank-you-for-filling-out-the-second-opinion-form\/#breadcrumb","itemListElement":[{"@type":"ListItem","position":1,"name":"Portada","item":"https:\/\/riberacareinternational.com\/"},{"@type":"ListItem","position":2,"name":"Thank you for filling out the second opinion form"}]},{"@type":"WebSite","@id":"https:\/\/riberacareinternational.com\/#website","url":"https:\/\/riberacareinternational.com\/","name":"Ribera Health Spitale interna\u021bionale","description":"Ribera Health Group este unul dintre principalii furnizori de servicii medicale din Spania, renumit pentru excelen\u021ba \u00een \u00eengrijirea pacien\u021bilor \u0219i tratamentele medicale avansate.","publisher":{"@id":"https:\/\/riberacareinternational.com\/#organization"},"potentialAction":[{"@type":"SearchAction","target":{"@type":"EntryPoint","urlTemplate":"https:\/\/riberacareinternational.com\/?s={search_term_string}"},"query-input":{"@type":"PropertyValueSpecification","valueRequired":true,"valueName":"search_term_string"}}],"inLanguage":"ro-RO"},{"@type":["Organization","Place","MedicalOrganization"],"@id":"https:\/\/riberacareinternational.com\/#organization","name":"Ribera Health Spitale interna\u021bionale","url":"https:\/\/riberacareinternational.com\/","logo":{"@id":"https:\/\/riberacareinternational.com\/thank-you-for-filling-out-the-second-opinion-form\/#local-main-organization-logo"},"image":{"@id":"https:\/\/riberacareinternational.com\/thank-you-for-filling-out-the-second-opinion-form\/#local-main-organization-logo"},"telephone":[],"openingHoursSpecification":[{"@type":"OpeningHoursSpecification","dayOfWeek":["Monday","Tuesday","Wednesday","Thursday","Friday","Saturday","Sunday"],"opens":"09:00","closes":"17:00"}]},{"@type":"ImageObject","inLanguage":"ro-RO","@id":"https:\/\/riberacareinternational.com\/thank-you-for-filling-out-the-second-opinion-form\/#local-main-organization-logo","url":"https:\/\/riberacareinternational.com\/wp-content\/uploads\/2024\/12\/Logotipo-Red-qgbhgk-1-1.png","contentUrl":"https:\/\/riberacareinternational.com\/wp-content\/uploads\/2024\/12\/Logotipo-Red-qgbhgk-1-1.png","width":228,"height":90,"caption":"Ribera Health International Hospitals"}]}},"_links":{"self":[{"href":"https:\/\/riberacareinternational.com\/ro\/wp-json\/wp\/v2\/pages\/1459","targetHints":{"allow":["GET"]}}],"collection":[{"href":"https:\/\/riberacareinternational.com\/ro\/wp-json\/wp\/v2\/pages"}],"about":[{"href":"https:\/\/riberacareinternational.com\/ro\/wp-json\/wp\/v2\/types\/page"}],"author":[{"embeddable":true,"href":"https:\/\/riberacareinternational.com\/ro\/wp-json\/wp\/v2\/users\/3"}],"replies":[{"embeddable":true,"href":"https:\/\/riberacareinternational.com\/ro\/wp-json\/wp\/v2\/comments?post=1459"}],"version-history":[{"count":1,"href":"https:\/\/riberacareinternational.com\/ro\/wp-json\/wp\/v2\/pages\/1459\/revisions"}],"predecessor-version":[{"id":1460,"href":"https:\/\/riberacareinternational.com\/ro\/wp-json\/wp\/v2\/pages\/1459\/revisions\/1460"}],"wp:attachment":[{"href":"https:\/\/riberacareinternational.com\/ro\/wp-json\/wp\/v2\/media?parent=1459"}],"curies":[{"name":"wp","href":"https:\/\/api.w.org\/{rel}","templated":true}]}}