{"id":3,"date":"2024-12-17T11:20:28","date_gmt":"2024-12-17T11:20:28","guid":{"rendered":"https:\/\/riberacareinternational.com\/?page_id=3"},"modified":"2025-05-09T08:35:51","modified_gmt":"2025-05-09T08:35:51","slug":"politica-de-confidentialitate","status":"publish","type":"page","link":"https:\/\/riberacareinternational.com\/ro\/privacy-policy\/","title":{"rendered":"Politica de confiden\u021bialitate"},"content":{"rendered":"<div data-elementor-type=\"wp-page\" data-elementor-id=\"3\" class=\"elementor elementor-3\" data-elementor-post-type=\"page\">\n\t\t\t\t<div class=\"elementor-element elementor-element-7174f3a e-flex e-con-boxed e-con e-parent\" data-id=\"7174f3a\" data-element_type=\"container\" data-e-type=\"container\">\n\t\t\t\t\t<div class=\"e-con-inner\">\n\t\t\t\t<div class=\"elementor-element elementor-element-ff52d64 elementor-widget elementor-widget-text-editor\" data-id=\"ff52d64\" data-element_type=\"widget\" data-e-type=\"widget\" data-widget_type=\"text-editor.default\">\n\t\t\t\t<div class=\"elementor-widget-container\">\n\t\t\t\t\t\t\t\t\t<p><strong>POLITICA DE CONFIDEN\u021aIALITATE<\/strong><\/p><p>\u00cen conformitate cu Regulamentul general privind protec\u021bia datelor 2016\/679 al Parlamentului European \u0219i al Consiliului (denumit \u00een continuare \u201eGDPR\u201d) \u0219i cu Legea organic\u0103 spaniol\u0103 3\/2018 din 5 decembrie privind protec\u021bia datelor cu caracter personal \u0219i garantarea drepturilor digitale, Grupul Ribera Salud informeaz\u0103 utilizatorul cu privire la modul \u00een care datele cu caracter personal vor fi colectate \u0219i prelucrate pe urm\u0103torul site web: <a href=\"https:\/\/www.riberasalud.com\/\">www.riberasalud.com<\/a><\/p><ol><li><strong> Identificarea Operatorului de date.<\/strong><\/li><\/ol><p>Controlorul datelor cu caracter personal ale utilizatorului este Torrevieja Salud, SLU cu nr. B54404785 \u0219i adresa social\u0103 la Avenida de las Cortes Valencianas, num\u0103rul 58, Edificio Sorolla Center, 46015, Valencia, Spania.<\/p><p>Utilizatorii pot contacta compania apel\u00e2nd urm\u0103torul num\u0103r: +34 965 725 915 sau la urm\u0103toarea adres\u0103 de e-mail: info.ciudadquesada@riberacare.com.<\/p><p>Pentru aspecte legate de aceast\u0103 Politic\u0103 de confiden\u021bialitate, utilizatorul poate contacta Responsabilul cu protec\u021bia datelor din cadrul Grupului RIBERA SALUD trimi\u021b\u00e2nd un e-mail la adresa: dpo@riberasalud.es.<\/p><p><strong>2.- Scopuri de prelucrare \u0219i temei juridic.<\/strong><\/p><p>Urm\u0103toarele opera\u021biuni de prelucrare a datelor vor fi efectuate de c\u0103tre operatorul de date prin intermediul Site-ului web, cu temeiul juridic adecvat, respect\u00e2nd drepturile \u0219i libert\u0103\u021bile p\u0103r\u021bilor interesate:<\/p><ol start=\"2\"><li><a name=\"_Toc164273065\"><\/a><strong> 1 <\/strong><strong>Gestiona\u021bi informa\u021biile \u0219i solicit\u0103rile de contact.<\/strong><\/li><\/ol><ul><li>Scop: gestionarea solicit\u0103rilor de contact prin mijloacele puse la dispozi\u021bie pe site (e-mail, telefon, formular de contact etc.), pentru a putea r\u0103spunde solicit\u0103rilor serviciilor oferite.<\/li><li>Temeiul juridic: Executarea rela\u021biei precontractuale sau contractuale cu pacientul.<\/li><li>Tipuri de date prelucrate: date de identificare, de contact \u0219i date de s\u0103n\u0103tate.\u00a0<\/li><\/ul><ol start=\"2\"><li><strong> 2 Managementul \u00eengrijirii pacien\u021bilor<\/strong><\/li><\/ol><ul><li>Scop: Furnizarea de servicii de asisten\u021b\u0103 medical\u0103, diagnosticarea \u0219i tratamentele medicale solicitate.<\/li><li>Temeiul juridic: Executarea rela\u021biei precontractuale sau contractuale cu pacientul.<\/li><li>Tipuri de date prelucrate: date de identificare, de contact, de s\u0103n\u0103tate \u0219i financiare. Colectarea datelor cu caracter personal se poate face prin intermediul site-ului web, al telefonului, al centrelor medicale ale Grupului Ribera \u00een care ve\u021bi fi tratat(\u0103) sau acestea pot fi furnizate, dup\u0103 caz, de c\u0103tre companii de asigur\u0103ri, companii mutuale de asigur\u0103ri de accidente.<\/li><\/ul><p><strong>\u00a0<\/strong><\/p><p><strong>2.3 Gestionarea \u0219i tratarea solicit\u0103rilor de program\u0103ri ale pacien\u021bilor.<\/strong><\/p><ul><li>Scop: Gestionarea program\u0103rilor medicale solicitate prin canalele indicate pe Site.<\/li><li>Temeiul juridic: Executarea rela\u021biei precontractuale sau contractuale cu pacientul.<\/li><li>Tipuri de date prelucrate: date de identificare, de contact, date cu caracter personal \u0219i date de s\u0103n\u0103tate.<\/li><\/ul><p><strong>2.3 \u00cendrum\u0103ri financiare.<\/strong><\/p><ul><li>Scop: Furnizarea serviciilor de consultan\u021b\u0103 financiar\u0103 detaliate pe site pentru plata tratamentelor medicale sau a altor servicii solicitate de pacient.<\/li><li>Temei juridic: Executarea rela\u021biei precontractuale sau contractuale cu utilizatorul.<\/li><li>Tipuri de date prelucrate: date de identificare, date de contact, tranzac\u021bii de bunuri \u0219i servicii, date financiare \u0219i date privind s\u0103n\u0103tatea.<\/li><\/ul><p><strong>2.4 Gestiona\u021bi asisten\u021ba pentru transferuri, cazare sau servicii lingvistice.<\/strong><\/p><ul><li>Scop: Furnizarea de servicii de transfer, cazare \u0219i\/sau lingvistice publicate \u0219i solicitate prin intermediul site-ului web.<\/li><li>Temeiul juridic: Executarea rela\u021biei precontractuale sau contractuale cu pacientul.<\/li><li>Tipuri de date prelucrate: date de identificare, date de contact, tranzac\u021bii de bunuri \u0219i servicii, date financiare \u0219i date privind s\u0103n\u0103tatea.<\/li><\/ul><p><strong>2.5 \u00a0<\/strong><strong>Gestionarea abon\u0103rii utilizatorilor la newsletter.<\/strong><\/p><p>Aceast\u0103 prelucrare a datelor va fi efectuat\u0103 de c\u0103tre entitatea RIBERA SALUD, SAU, cu Cod de Identificare Fiscal\u0103 A-03681186 \u0219i sediul social la adresa Avenida Cortes Valencianas, num\u0103rul 58, Edificio Sorolla Center, 46015, Valencia, Spania.<\/p><ul><li>Scop: gestionarea abonamentelor utilizatorilor la newsletter prin trimiterea de comunic\u0103ri comerciale electronice despre servicii.<\/li><li>Temeiul juridic: consim\u021b\u0103m\u00e2ntul p\u0103r\u021bilor interesate.<\/li><li>Tipuri de date prelucrate: date de identificare \u0219i de contact.<\/li><\/ul><p><strong>\u00a0<\/strong><\/p><p><strong>3.- Destinatari.<\/strong><\/p><p><strong>3.1. Comunicarea datelor c\u0103tre ter\u021bi.<\/strong>\u00a0<\/p><p>Datele dumneavoastr\u0103 pot fi transferate \u00een conformitate cu urm\u0103toarele ipoteze:<\/p><ul><li>Datele pacien\u021bilor pot fi accesate de centrele grupului Ribera (https:\/\/www.riberasalud.com\/sociedades-del-grupo-ribera\/) pentru a garanta continuitatea adecvat\u0103 a \u00eengrijirii \u0219i furnizarea serviciilor men\u021bionate mai sus.<\/li><li>\u00cen conformitate cu prevederile legisla\u021biei \u00een vigoare, datele dumneavoastr\u0103 pot fi comunicate autorit\u0103\u021bilor sanitare \u0219i altor organisme publice cu competen\u021b\u0103 \u00een materie.<\/li><li>\u00cen cazul Pacien\u021bilor care utilizeaz\u0103 companii private de asigur\u0103ri de s\u0103n\u0103tate, datele acestora vor fi comunicate companiei de asigur\u0103ri pentru plata serviciilor. La cererea Agen\u021biei Fiscale, a Instan\u021belor sau Tribunalelor sau a altor Administra\u021bii Publice competente.<\/li><\/ul><p><strong>3.2. Persoane \u00eemputernicite de operatorii de date<\/strong>\u00a0<\/p><p>Prelucrarea datelor pacien\u021bilor poate fi efectuat\u0103 de c\u0103tre furnizori de servicii corespunz\u0103tori, angaja\u021bi. Respec\u021bii furnizori de servicii vor prelucra datele numai \u00een scopurile definite de Operatorul de date.<\/p><ol start=\"4\"><li><strong> Transferuri interna\u021bionale de date<\/strong><\/li><\/ol><p>Operatorul de date va efectua prelucrarea datelor pacientului \u00een \u00eentregime pe teritoriul Uniunii Europene, motiv pentru care nu prevede niciun transfer interna\u021bional de date.<\/p><p><strong>5.- Perioade de stocare.<\/strong><\/p><p>RIBERA SALUD va p\u0103stra datele cu caracter personal ale utilizatorului at\u00e2t timp c\u00e2t este necesar pentru a putea prelucra datele \u00een scopurile pentru care au fost colectate, cu excep\u021bia cazului \u00een care utilizatorul se opune prelucr\u0103rii sau \u00ee\u0219i retrage consim\u021b\u0103m\u00e2ntul, \u00een func\u021bie de temeiul juridic. \u00cen orice caz, datele cu caracter personal vor fi stocate pentru perioadele de timp impuse de lege pentru a respecta obliga\u021biile legale.<\/p><p>De asemenea, \u00een ceea ce prive\u0219te tratamentul legat de trimiterea de comunic\u0103ri comerciale electronice, datele utilizatorilor care \u0219i-au dat consim\u021b\u0103m\u00e2ntul pentru primirea acestora vor fi p\u0103strate p\u00e2n\u0103 c\u00e2nd utilizatorul solicit\u0103 anularea primirii respective, urm\u00e2nd instruc\u021biunile pe care le va g\u0103si \u00een partea de jos a fiec\u0103rui e-mail.<\/p><p><strong>6.- Drepturile utilizatorilor.<\/strong><\/p><p>Utilizatorul are dreptul de acces, rectificare, \u0219tergere, opozi\u021bie, restric\u021bionare \u0219i portabilitate a datelor; utilizatorii \u00ee\u0219i pot exercita aceste drepturi prin trimiterea unei peti\u021bii semnate, \u00eempreun\u0103 cu o fotocopie a actului de identitate, direct c\u0103tre Responsabilul cu Protec\u021bia Datelor din cadrul Grupului RIBERA SALUD, sau prin trimiterea unui e-mail la urm\u0103toarea adres\u0103: dpo@riberasalud.es, sau a unei scrisori la urm\u0103toarea adres\u0103 po\u0219tal\u0103: Cortes Valencianas, num\u0103rul 58, Edificio Sorolla Center, 46015, Valencia (Spania), cu subiectul: \u201eProtec\u021bia datelor\u201d.<\/p><p>\u00cen plus, utilizatorii sunt informa\u021bi c\u0103, \u00een cazul \u00een care solicit\u0103rile lor de exercitare a drepturilor nu primesc r\u0103spuns, pot depune o pl\u00e2ngere la Agen\u021bia Spaniol\u0103 pentru Protec\u021bia Datelor (AEPD). Mai multe informa\u021bii sunt disponibile la: <a href=\"http:\/\/www.aepd.es\/\">www.aepd.es<\/a>.<\/p><ol start=\"7\"><li><strong> Schimb\u0103ri.<\/strong><\/li><\/ol><p>Organiza\u021bia \u00ee\u0219i rezerv\u0103 dreptul de a modifica con\u021binutul acestui site \u00een orice moment \u0219i poate ad\u0103uga noi func\u021bionalit\u0103\u021bi, precum \u0219i de a modifica condi\u021biile actuale. \u00cen acest caz, actualizarea corespunz\u0103toare va fi publicat\u0103 pe site-ul web, astfel \u00eenc\u00e2t utilizatorul s\u0103 fie la curent cu orice modific\u0103ri.<\/p><p>Ultima actualizare la: februarie 2025<\/p>\t\t\t\t\t\t\t\t<\/div>\n\t\t\t\t<\/div>\n\t\t\t\t\t<\/div>\n\t\t\t\t<\/div>\n\t\t\t\t<\/div>","protected":false},"excerpt":{"rendered":"<p>PRIVACY POLICY In compliance with the General Data Protection Regulation 2016\/679 of the European Parliament and of the Council (hereinafter, \u201cGDPR\u201d) and Spanish Organic Law 3\/2018, of 5 December, on the Protection of Personal Data and guarantee of digital rights, Ribera Salud Group hereby informs the user on how the personal data will be gathered [&hellip;]<\/p>\n","protected":false},"author":3,"featured_media":0,"parent":0,"menu_order":0,"comment_status":"closed","ping_status":"open","template":"","meta":{"_acf_changed":false,"footnotes":""},"class_list":["post-3","page","type-page","status-publish","hentry"],"acf":[],"yoast_head":"<!-- This site is optimized with the Yoast SEO Premium plugin v25.1 (Yoast SEO v27.3) - https:\/\/yoast.com\/product\/yoast-seo-premium-wordpress\/ -->\n<title>Privacy Policy - Ribera International<\/title>\n<meta name=\"robots\" content=\"index, follow, max-snippet:-1, max-image-preview:large, max-video-preview:-1\" \/>\n<link rel=\"canonical\" href=\"https:\/\/riberacareinternational.com\/ro\/politica-de-confidentialitate\/\" \/>\n<meta property=\"og:locale\" content=\"ro_RO\" \/>\n<meta property=\"og:type\" content=\"article\" \/>\n<meta property=\"og:title\" content=\"Privacy Policy\" \/>\n<meta property=\"og:description\" content=\"PRIVACY POLICY In compliance with the General Data Protection Regulation 2016\/679 of the European Parliament and of the Council (hereinafter, \u201cGDPR\u201d) and Spanish Organic Law 3\/2018, of 5 December, on the Protection of Personal Data and guarantee of digital rights, Ribera Salud Group hereby informs the user on how the personal data will be gathered [&hellip;]\" \/>\n<meta property=\"og:url\" content=\"https:\/\/riberacareinternational.com\/ro\/politica-de-confidentialitate\/\" \/>\n<meta property=\"og:site_name\" content=\"Ribera International\" \/>\n<meta property=\"article:modified_time\" content=\"2025-05-09T08:35:51+00:00\" \/>\n<meta property=\"og:image\" content=\"https:\/\/riberacareinternational.com\/wp-content\/uploads\/2025\/01\/hospital-ribera-cavadonga.jpg\" \/>\n\t<meta property=\"og:image:width\" content=\"340\" \/>\n\t<meta property=\"og:image:height\" content=\"214\" \/>\n\t<meta property=\"og:image:type\" content=\"image\/jpeg\" \/>\n<meta name=\"twitter:card\" content=\"summary_large_image\" \/>\n<meta name=\"twitter:label1\" content=\"Timp estimat pentru citire\" \/>\n\t<meta name=\"twitter:data1\" content=\"5 minute\" \/>\n<script type=\"application\/ld+json\" class=\"yoast-schema-graph\">{\"@context\":\"https:\\\/\\\/schema.org\",\"@graph\":[{\"@type\":\"WebPage\",\"@id\":\"https:\\\/\\\/riberacareinternational.com\\\/privacy-policy\\\/\",\"url\":\"https:\\\/\\\/riberacareinternational.com\\\/privacy-policy\\\/\",\"name\":\"Privacy Policy - Ribera International\",\"isPartOf\":{\"@id\":\"https:\\\/\\\/riberacareinternational.com\\\/#website\"},\"datePublished\":\"2024-12-17T11:20:28+00:00\",\"dateModified\":\"2025-05-09T08:35:51+00:00\",\"breadcrumb\":{\"@id\":\"https:\\\/\\\/riberacareinternational.com\\\/privacy-policy\\\/#breadcrumb\"},\"inLanguage\":\"ro-RO\",\"potentialAction\":[{\"@type\":\"ReadAction\",\"target\":[\"https:\\\/\\\/riberacareinternational.com\\\/privacy-policy\\\/\"]}]},{\"@type\":\"BreadcrumbList\",\"@id\":\"https:\\\/\\\/riberacareinternational.com\\\/privacy-policy\\\/#breadcrumb\",\"itemListElement\":[{\"@type\":\"ListItem\",\"position\":1,\"name\":\"Portada\",\"item\":\"https:\\\/\\\/riberacareinternational.com\\\/\"},{\"@type\":\"ListItem\",\"position\":2,\"name\":\"Privacy Policy\"}]},{\"@type\":\"WebSite\",\"@id\":\"https:\\\/\\\/riberacareinternational.com\\\/#website\",\"url\":\"https:\\\/\\\/riberacareinternational.com\\\/\",\"name\":\"Ribera Health International Hospitals\",\"description\":\"Ribera Health Group is a leading healthcare provider in Spain, renowned for its excellence in patient care and advanced medical treatments.\",\"publisher\":{\"@id\":\"https:\\\/\\\/riberacareinternational.com\\\/#organization\"},\"potentialAction\":[{\"@type\":\"SearchAction\",\"target\":{\"@type\":\"EntryPoint\",\"urlTemplate\":\"https:\\\/\\\/riberacareinternational.com\\\/?s={search_term_string}\"},\"query-input\":{\"@type\":\"PropertyValueSpecification\",\"valueRequired\":true,\"valueName\":\"search_term_string\"}}],\"inLanguage\":\"ro-RO\"},{\"@type\":[\"Organization\",\"Place\",\"MedicalOrganization\"],\"@id\":\"https:\\\/\\\/riberacareinternational.com\\\/#organization\",\"name\":\"Ribera Health International Hospitals\",\"url\":\"https:\\\/\\\/riberacareinternational.com\\\/\",\"logo\":{\"@id\":\"https:\\\/\\\/riberacareinternational.com\\\/privacy-policy\\\/#local-main-organization-logo\"},\"image\":{\"@id\":\"https:\\\/\\\/riberacareinternational.com\\\/privacy-policy\\\/#local-main-organization-logo\"},\"telephone\":[],\"openingHoursSpecification\":[{\"@type\":\"OpeningHoursSpecification\",\"dayOfWeek\":[\"Monday\",\"Tuesday\",\"Wednesday\",\"Thursday\",\"Friday\",\"Saturday\",\"Sunday\"],\"opens\":\"09:00\",\"closes\":\"17:00\"}]},{\"@type\":\"ImageObject\",\"inLanguage\":\"ro-RO\",\"@id\":\"https:\\\/\\\/riberacareinternational.com\\\/privacy-policy\\\/#local-main-organization-logo\",\"url\":\"https:\\\/\\\/riberacareinternational.com\\\/wp-content\\\/uploads\\\/2024\\\/12\\\/Logotipo-Red-qgbhgk-1-1.png\",\"contentUrl\":\"https:\\\/\\\/riberacareinternational.com\\\/wp-content\\\/uploads\\\/2024\\\/12\\\/Logotipo-Red-qgbhgk-1-1.png\",\"width\":228,\"height\":90,\"caption\":\"Ribera Health International Hospitals\"}]}<\/script>\n<!-- \/ Yoast SEO Premium plugin. -->","yoast_head_json":{"title":"Politica de confiden\u021bialitate - Ribera International","robots":{"index":"index","follow":"follow","max-snippet":"max-snippet:-1","max-image-preview":"max-image-preview:large","max-video-preview":"max-video-preview:-1"},"canonical":"https:\/\/riberacareinternational.com\/ro\/politica-de-confidentialitate\/","og_locale":"ro_RO","og_type":"article","og_title":"Privacy Policy","og_description":"PRIVACY POLICY In compliance with the General Data Protection Regulation 2016\/679 of the European Parliament and of the Council (hereinafter, \u201cGDPR\u201d) and Spanish Organic Law 3\/2018, of 5 December, on the Protection of Personal Data and guarantee of digital rights, Ribera Salud Group hereby informs the user on how the personal data will be gathered [&hellip;]","og_url":"https:\/\/riberacareinternational.com\/ro\/politica-de-confidentialitate\/","og_site_name":"Ribera International","article_modified_time":"2025-05-09T08:35:51+00:00","og_image":[{"width":340,"height":214,"url":"https:\/\/riberacareinternational.com\/wp-content\/uploads\/2025\/01\/hospital-ribera-cavadonga.jpg","type":"image\/jpeg"}],"twitter_card":"summary_large_image","twitter_misc":{"Timp estimat pentru citire":"5 minute"},"schema":{"@context":"https:\/\/schema.org","@graph":[{"@type":"WebPage","@id":"https:\/\/riberacareinternational.com\/privacy-policy\/","url":"https:\/\/riberacareinternational.com\/privacy-policy\/","name":"Politica de confiden\u021bialitate - Ribera International","isPartOf":{"@id":"https:\/\/riberacareinternational.com\/#website"},"datePublished":"2024-12-17T11:20:28+00:00","dateModified":"2025-05-09T08:35:51+00:00","breadcrumb":{"@id":"https:\/\/riberacareinternational.com\/privacy-policy\/#breadcrumb"},"inLanguage":"ro-RO","potentialAction":[{"@type":"ReadAction","target":["https:\/\/riberacareinternational.com\/privacy-policy\/"]}]},{"@type":"BreadcrumbList","@id":"https:\/\/riberacareinternational.com\/privacy-policy\/#breadcrumb","itemListElement":[{"@type":"ListItem","position":1,"name":"Portada","item":"https:\/\/riberacareinternational.com\/"},{"@type":"ListItem","position":2,"name":"Privacy Policy"}]},{"@type":"WebSite","@id":"https:\/\/riberacareinternational.com\/#website","url":"https:\/\/riberacareinternational.com\/","name":"Ribera Health Spitale interna\u021bionale","description":"Ribera Health Group este unul dintre principalii furnizori de servicii medicale din Spania, renumit pentru excelen\u021ba \u00een \u00eengrijirea pacien\u021bilor \u0219i tratamentele medicale avansate.","publisher":{"@id":"https:\/\/riberacareinternational.com\/#organization"},"potentialAction":[{"@type":"SearchAction","target":{"@type":"EntryPoint","urlTemplate":"https:\/\/riberacareinternational.com\/?s={search_term_string}"},"query-input":{"@type":"PropertyValueSpecification","valueRequired":true,"valueName":"search_term_string"}}],"inLanguage":"ro-RO"},{"@type":["Organization","Place","MedicalOrganization"],"@id":"https:\/\/riberacareinternational.com\/#organization","name":"Ribera Health Spitale interna\u021bionale","url":"https:\/\/riberacareinternational.com\/","logo":{"@id":"https:\/\/riberacareinternational.com\/privacy-policy\/#local-main-organization-logo"},"image":{"@id":"https:\/\/riberacareinternational.com\/privacy-policy\/#local-main-organization-logo"},"telephone":[],"openingHoursSpecification":[{"@type":"OpeningHoursSpecification","dayOfWeek":["Monday","Tuesday","Wednesday","Thursday","Friday","Saturday","Sunday"],"opens":"09:00","closes":"17:00"}]},{"@type":"ImageObject","inLanguage":"ro-RO","@id":"https:\/\/riberacareinternational.com\/privacy-policy\/#local-main-organization-logo","url":"https:\/\/riberacareinternational.com\/wp-content\/uploads\/2024\/12\/Logotipo-Red-qgbhgk-1-1.png","contentUrl":"https:\/\/riberacareinternational.com\/wp-content\/uploads\/2024\/12\/Logotipo-Red-qgbhgk-1-1.png","width":228,"height":90,"caption":"Ribera Health International Hospitals"}]}},"_links":{"self":[{"href":"https:\/\/riberacareinternational.com\/ro\/wp-json\/wp\/v2\/pages\/3","targetHints":{"allow":["GET"]}}],"collection":[{"href":"https:\/\/riberacareinternational.com\/ro\/wp-json\/wp\/v2\/pages"}],"about":[{"href":"https:\/\/riberacareinternational.com\/ro\/wp-json\/wp\/v2\/types\/page"}],"author":[{"embeddable":true,"href":"https:\/\/riberacareinternational.com\/ro\/wp-json\/wp\/v2\/users\/3"}],"replies":[{"embeddable":true,"href":"https:\/\/riberacareinternational.com\/ro\/wp-json\/wp\/v2\/comments?post=3"}],"version-history":[{"count":16,"href":"https:\/\/riberacareinternational.com\/ro\/wp-json\/wp\/v2\/pages\/3\/revisions"}],"predecessor-version":[{"id":2782,"href":"https:\/\/riberacareinternational.com\/ro\/wp-json\/wp\/v2\/pages\/3\/revisions\/2782"}],"wp:attachment":[{"href":"https:\/\/riberacareinternational.com\/ro\/wp-json\/wp\/v2\/media?parent=3"}],"curies":[{"name":"wp","href":"https:\/\/api.w.org\/{rel}","templated":true}]}}